{"id":3367,"date":"2024-09-27T13:54:57","date_gmt":"2024-09-27T10:54:57","guid":{"rendered":"https:\/\/sanax.ee\/?post_type=product&#038;p=3367"},"modified":"2024-09-27T13:56:27","modified_gmt":"2024-09-27T10:56:27","slug":"seinaboiler-atlantic-hmo-15kw-75l-horisontaalne","status":"publish","type":"product","link":"https:\/\/sanax.ee\/ru\/product\/seinaboiler-atlantic-hmo-15kw-75l-horisontaalne\/","title":{"rendered":"SEINABOILER ATLANTIC HMO+ 1,5KW 75L HORISONTAALNE"},"content":{"rendered":"<div class=\"col-sm-6 order-3 order-sm-2\">\n<div class=\"product-2-cols__desc\">\n<h3>VASTUPIDAVUS<\/h3>\n<ul>\n<li>Pikk paagi kasutusiga t\u00e4nu O&#8217;Pro eksklusiivsele korrosioonivastasele s\u00fcsteemile, mis v\u00f5itleb p\u00fcsivalt rooste vastu<\/li>\n<li>Magneesiumanood paagi kaitse suurendamiseks<\/li>\n<li>Teemantkvaliteediga klaasvooder tagab pika eluea ja t\u00f6\u00f6kindluse<\/li>\n<li>Survealandusklapp<\/li>\n<li>Dielektriline liit<\/li>\n<li>Spetsiaalne huule tihend korrosiooni v\u00e4ltimiseks \u00e4\u00e4riku \u00fcmber<\/li>\n<\/ul>\n<h3>MUGAVUS<\/h3>\n<ul>\n<li>Elegantne disain<\/li>\n<li>Juhtnupp paagi p\u00f5hjas<\/li>\n<li>Lame, kroomitud termomeeter<\/li>\n<li>K\u00fctte valgusindikaator<\/li>\n<\/ul>\n<h3>ENERGIAS\u00c4\u00c4ST<\/h3>\n<ul>\n<li>K\u00f5rge efektiivsusega vee sisselaskeava<\/li>\n<li>CFC-vaba suure tihedusega isolatsioon tagab suurema energias\u00e4\u00e4stu<\/li>\n<\/ul>\n<\/div>\n<\/div>","protected":false},"excerpt":{"rendered":"<p>Veesojendi paigaldus: Horizontaalne seina kinnitatav<\/p>\n<p>V\u00e4ljund: 1500 W<\/p>\n<p>K\u00fctteelemendi t\u00fc\u00fcp: Vasest k\u00fctteelement<\/p>\n<p>Paagi kaitse: Magneesiumianood<\/p>\n<p>M\u00f5\u00f5dud: 806 x 450 x 433<\/p>\n<p>Netokaal: 19,7 kg<\/p>","protected":false},"featured_media":3365,"comment_status":"closed","ping_status":"closed","template":"","meta":[],"product_brand":[],"product_cat":[59],"product_tag":[],"class_list":{"0":"post-3367","1":"product","2":"type-product","3":"status-publish","4":"has-post-thumbnail","6":"product_cat-veeboilerid","7":"description-off","9":"first","10":"instock","11":"sale","12":"shipping-taxable","13":"product-type-external"},"jetpack_sharing_enabled":true,"_links":{"self":[{"href":"https:\/\/sanax.ee\/ru\/wp-json\/wp\/v2\/product\/3367","targetHints":{"allow":["GET"]}}],"collection":[{"href":"https:\/\/sanax.ee\/ru\/wp-json\/wp\/v2\/product"}],"about":[{"href":"https:\/\/sanax.ee\/ru\/wp-json\/wp\/v2\/types\/product"}],"replies":[{"embeddable":true,"href":"https:\/\/sanax.ee\/ru\/wp-json\/wp\/v2\/comments?post=3367"}],"wp:featuredmedia":[{"embeddable":true,"href":"https:\/\/sanax.ee\/ru\/wp-json\/wp\/v2\/media\/3365"}],"wp:attachment":[{"href":"https:\/\/sanax.ee\/ru\/wp-json\/wp\/v2\/media?parent=3367"}],"wp:term":[{"taxonomy":"product_brand","embeddable":true,"href":"https:\/\/sanax.ee\/ru\/wp-json\/wp\/v2\/product_brand?post=3367"},{"taxonomy":"product_cat","embeddable":true,"href":"https:\/\/sanax.ee\/ru\/wp-json\/wp\/v2\/product_cat?post=3367"},{"taxonomy":"product_tag","embeddable":true,"href":"https:\/\/sanax.ee\/ru\/wp-json\/wp\/v2\/product_tag?post=3367"}],"curies":[{"name":"wp","href":"https:\/\/api.w.org\/{rel}","templated":true}]}}