{"id":3363,"date":"2024-09-27T12:51:18","date_gmt":"2024-09-27T09:51:18","guid":{"rendered":"https:\/\/sanax.ee\/?post_type=product&#038;p=3363"},"modified":"2024-09-27T13:08:12","modified_gmt":"2024-09-27T10:08:12","slug":"miniboiler-atlantic-20kw-15l-alumine","status":"publish","type":"product","link":"https:\/\/sanax.ee\/ru\/product\/miniboiler-atlantic-20kw-15l-alumine\/","title":{"rendered":"MINIBOILER ATLANTIC 2,0KW 15L ALUMINE"},"content":{"rendered":"<div class=\"col-sm-6 order-3 order-sm-2\">\n<div class=\"product-2-cols__desc\">\n<h3>MUGAVUS<\/h3>\n<ul>\n<li>Juhtnupp p\u00f5hjas (valamute peal) v\u00f5i \u00fclaosas (valamute all olevad mudelid)<\/li>\n<li>Spetsiaalne lahendus kuuma vee otseseks saadavuseks<\/li>\n<li>K\u00fctte valgusindikaator<\/li>\n<\/ul>\n<h3>VASTUPIDAVUS<\/h3>\n<ul>\n<li>Pikk paagi kasutusiga t\u00e4nu O&#8217;Pro eksklusiivsele korrosioonivastasele s\u00fcsteemile, mis v\u00f5itleb p\u00fcsivalt rooste vastu<\/li>\n<li>Magneesiumanood paagi kaitse suurendamiseks<\/li>\n<li>Teemantkvaliteediga klaasvooder tagab pika eluea ja t\u00f6\u00f6kindluse<\/li>\n<li>Survealandusklapp<\/li>\n<li>Dielektriline liit<\/li>\n<li>Spetsiaalne huule tihend korrosiooni v\u00e4ltimiseks \u00e4\u00e4riku \u00fcmber<\/li>\n<\/ul>\n<h3>ENERGIAS\u00c4\u00c4ST<\/h3>\n<ul>\n<li>K\u00f5rge efektiivsusega vee sisselaskeava<\/li>\n<li>CFC-vaba suure tihedusega isolatsioon tagab suurema energias\u00e4\u00e4stu<\/li>\n<\/ul>\n<\/div>\n<\/div>","protected":false},"excerpt":{"rendered":"<p>Veesojendi paigaldus: Valamu all<\/p>\n<p>V\u00e4ljund: 2000 W<\/p>\n<p>K\u00fctteelemendi t\u00fc\u00fcp: Vasest k\u00fctteelement<\/p>\n<p>Paagi kaitse: Magneesiumianood<\/p>\n<p>M\u00f5\u00f5dud: 399 x 345 x 338<\/p>\n<p>Netokaal: 8 kg<\/p>","protected":false},"featured_media":3361,"comment_status":"closed","ping_status":"closed","template":"","meta":[],"product_brand":[],"product_cat":[59],"product_tag":[],"class_list":{"0":"post-3363","1":"product","2":"type-product","3":"status-publish","4":"has-post-thumbnail","6":"product_cat-veeboilerid","7":"description-off","9":"first","10":"instock","11":"sale","12":"shipping-taxable","13":"product-type-external"},"jetpack_sharing_enabled":true,"_links":{"self":[{"href":"https:\/\/sanax.ee\/ru\/wp-json\/wp\/v2\/product\/3363","targetHints":{"allow":["GET"]}}],"collection":[{"href":"https:\/\/sanax.ee\/ru\/wp-json\/wp\/v2\/product"}],"about":[{"href":"https:\/\/sanax.ee\/ru\/wp-json\/wp\/v2\/types\/product"}],"replies":[{"embeddable":true,"href":"https:\/\/sanax.ee\/ru\/wp-json\/wp\/v2\/comments?post=3363"}],"wp:featuredmedia":[{"embeddable":true,"href":"https:\/\/sanax.ee\/ru\/wp-json\/wp\/v2\/media\/3361"}],"wp:attachment":[{"href":"https:\/\/sanax.ee\/ru\/wp-json\/wp\/v2\/media?parent=3363"}],"wp:term":[{"taxonomy":"product_brand","embeddable":true,"href":"https:\/\/sanax.ee\/ru\/wp-json\/wp\/v2\/product_brand?post=3363"},{"taxonomy":"product_cat","embeddable":true,"href":"https:\/\/sanax.ee\/ru\/wp-json\/wp\/v2\/product_cat?post=3363"},{"taxonomy":"product_tag","embeddable":true,"href":"https:\/\/sanax.ee\/ru\/wp-json\/wp\/v2\/product_tag?post=3363"}],"curies":[{"name":"wp","href":"https:\/\/api.w.org\/{rel}","templated":true}]}}