{"id":3354,"date":"2024-09-27T12:12:54","date_gmt":"2024-09-27T09:12:54","guid":{"rendered":"https:\/\/sanax.ee\/?post_type=product&#038;p=3354"},"modified":"2024-09-27T12:17:30","modified_gmt":"2024-09-27T09:17:30","slug":"atlantic-vertigo-wi-fi-50-40l-hobe","status":"publish","type":"product","link":"https:\/\/sanax.ee\/ru\/product\/atlantic-vertigo-wi-fi-50-40l-hobe\/","title":{"rendered":"ATLANTIC VERTIGO WI-FI 50 40L H\u00d5BE"},"content":{"rendered":"<div class=\"col-sm-6 order-3 order-sm-2\">\n<div class=\"product-2-cols__desc\">\n<h3>MUGAVUS<\/h3>\n<ul>\n<li>Kiire soojenemine t\u00e4nu topeltpaagi struktuurile<\/li>\n<li>Lihtne programmeerimine kiire re\u017eiimivalikuga<\/li>\n<li>Suurendusre\u017eiim tekitab t\u00e4iendava veevajaduse jaoks maksimaalse k\u00fctte<\/li>\n<li>\u00dchenduvus ja kaugjuhtimispult Cozytouchi rakenduse kaudu<\/li>\n<\/ul>\n<h3>VASTUPIDAVUS<\/h3>\n<ul>\n<li>Topeltpaagiga steatiiditehnoloogia: keraamiline kuivk\u00fctteelement, mis on kaitstud h\u00fclsiga, et oleks piiratud katlakivi ja lihtne hooldus<\/li>\n<li>Topelt magneesiumanood paagi kaitse suurendamiseks<\/li>\n<li>Teemantkvaliteediga klaasvooder<\/li>\n<li>Survealandusklapp<\/li>\n<li>Dielektriline liit<\/li>\n<li>Spetsiaalne huuletihend, et v\u00e4ltida \u00e4\u00e4riku korrosiooni<\/li>\n<\/ul>\n<h3>ENERGIAS\u00c4\u00c4ST<\/h3>\n<ul>\n<li>Eco+ ise\u00f5ppimisre\u017eiim, et pakkuda vajadusel \u00f5iget kogust kuuma vett<\/li>\n<li>J\u00e4lgige vee- ja elektrikasutust rakendusega Cozytouch<\/li>\n<li>\u00c4raolekure\u017eiim: s\u00e4\u00e4stab energiat kodust eemal olles<\/li>\n<li>T\u00e4pne elektrooniline termostaat parimaks temperatuuri reguleerimiseks<\/li>\n<\/ul>\n<\/div>\n<\/div>","protected":false},"excerpt":{"rendered":"<p>Veesojendi paigaldus: Mitmepositsiooniline<\/p>\n<p>V\u00e4ljund: 2250 W<\/p>\n<p>K\u00fctteelemendi t\u00fc\u00fcp: Steatiit<\/p>\n<p>Paagi kaitse: Magneesiumianood<\/p>\n<p>M\u00f5\u00f5dud: 765 x 490 x 300<\/p>\n<p>Netokaal: 24,5 kg<\/p>","protected":false},"featured_media":3355,"comment_status":"closed","ping_status":"closed","template":"","meta":[],"product_brand":[],"product_cat":[59],"product_tag":[],"class_list":{"0":"post-3354","1":"product","2":"type-product","3":"status-publish","4":"has-post-thumbnail","6":"product_cat-veeboilerid","7":"description-off","9":"first","10":"instock","11":"sale","12":"shipping-taxable","13":"product-type-external"},"jetpack_sharing_enabled":true,"_links":{"self":[{"href":"https:\/\/sanax.ee\/ru\/wp-json\/wp\/v2\/product\/3354","targetHints":{"allow":["GET"]}}],"collection":[{"href":"https:\/\/sanax.ee\/ru\/wp-json\/wp\/v2\/product"}],"about":[{"href":"https:\/\/sanax.ee\/ru\/wp-json\/wp\/v2\/types\/product"}],"replies":[{"embeddable":true,"href":"https:\/\/sanax.ee\/ru\/wp-json\/wp\/v2\/comments?post=3354"}],"wp:featuredmedia":[{"embeddable":true,"href":"https:\/\/sanax.ee\/ru\/wp-json\/wp\/v2\/media\/3355"}],"wp:attachment":[{"href":"https:\/\/sanax.ee\/ru\/wp-json\/wp\/v2\/media?parent=3354"}],"wp:term":[{"taxonomy":"product_brand","embeddable":true,"href":"https:\/\/sanax.ee\/ru\/wp-json\/wp\/v2\/product_brand?post=3354"},{"taxonomy":"product_cat","embeddable":true,"href":"https:\/\/sanax.ee\/ru\/wp-json\/wp\/v2\/product_cat?post=3354"},{"taxonomy":"product_tag","embeddable":true,"href":"https:\/\/sanax.ee\/ru\/wp-json\/wp\/v2\/product_tag?post=3354"}],"curies":[{"name":"wp","href":"https:\/\/api.w.org\/{rel}","templated":true}]}}