{"id":3351,"date":"2024-09-27T11:49:15","date_gmt":"2024-09-27T08:49:15","guid":{"rendered":"https:\/\/sanax.ee\/?post_type=product&#038;p=3351"},"modified":"2024-09-27T11:52:44","modified_gmt":"2024-09-27T08:52:44","slug":"boiler-atlantic-steatite-genius-80-18kw-75l-wifi","status":"publish","type":"product","link":"https:\/\/sanax.ee\/ru\/product\/boiler-atlantic-steatite-genius-80-18kw-75l-wifi\/","title":{"rendered":"BOILER ATLANTIC STEATITE GENIUS 80 1,8KW 75L WIFI"},"content":{"rendered":"<div class=\"col-sm-6 order-3 order-sm-2\">\n<div class=\"product-2-cols__desc\">\n<h3>MUGAVUS<\/h3>\n<ul>\n<li>Ergonoomiline digitaalne liides k\u00fctteindikaatori, t\u00f6\u00f6re\u017eiimide ja nutikate funktsioonidega:<br \/>\n&#8211; Waterdrop LED indikaator: kuuma vee tase kasutusvalmis<br \/>\n&#8211; Puudumise re\u017eiim: k\u00fclmumisvastane asend (7 \u00b0C)<br \/>\n&#8211; K\u00e4sire\u017eiim: vajaliku sooja vee koguse valimine<br \/>\n&#8211; Eco+ re\u017eiim: automaatne t\u00f6\u00f6<\/li>\n<li>Maksimaalne k\u00fcte t\u00e4iendava veevajaduse jaoks Boost funktsiooniga<\/li>\n<li>Lame kroomitud termomeeter<\/li>\n<li>Lihtne programmeerimine kiire re\u017eiimivalikuga<\/li>\n<li>K\u00fctte valgusindikaator<\/li>\n<\/ul>\n<h3>VASTUPIDAVUS<\/h3>\n<ul>\n<li>Steatiiditehnoloogia: keraamiline kuivk\u00fctteelement, mis on kaitstud h\u00fclsiga, et v\u00e4hendada katlakivi ja h\u00f5lpsat hooldust<\/li>\n<li>Magneesiumanood paagi kaitse tugevdamiseks<\/li>\n<li>Teemantkvaliteediga klaasvooder tagab pika eluea ja t\u00f6\u00f6kindluse<\/li>\n<li>Survealandusklapp<\/li>\n<li>Dielektriline liit<\/li>\n<li>Spetsiaalne huule tihend korrosiooni v\u00e4ltimiseks \u00e4\u00e4riku \u00fcmber<\/li>\n<li>IP 24 \u2013 t\u00e4ielik vastavus Euroopa elektriohutuse ja kasutajakaitse standarditele<\/li>\n<\/ul>\n<h3>ENERGIAS\u00c4\u00c4ST<\/h3>\n<ul>\n<li>Eco+ ise\u00f5ppimisre\u017eiim, et tagada \u00f5ige kogus kuuma vett<\/li>\n<li>\u00c4raolekure\u017eiim: s\u00e4\u00e4stab energiat kodust eemal olles &lt;li&gt;<\/li>\n<li>Elektrooniline termostaat \u00e4\u00e4rmiselt t\u00e4pseks temperatuuri reguleerimiseks<\/li>\n<li>K\u00f5rge efektiivsusega vee sisselaskeava<\/li>\n<li>CFC-vaba suure tihedusega isolatsioon tagab suurema energias\u00e4\u00e4stu<\/li>\n<\/ul>\n<\/div>\n<\/div>\n<div class=\"col-sm-6 order-2\">\n<div class=\"product-2-cols__img\"><\/div>\n<\/div>","protected":false},"excerpt":{"rendered":"<p>Veesojendi paigaldus: Vertikaalne seinale kinnitav<\/p>\n<p>V\u00e4ljund: 1800 W<\/p>\n<p>K\u00fctteelemendi t\u00fc\u00fcp: Steatiit<\/p>\n<p>Paagi kaitse: Magneesiumianood<\/p>\n<p>M\u00f5\u00f5dud: 808 x 463 x 445<\/p>\n<p>Netokaal: 23 kg<\/p>","protected":false},"featured_media":3344,"comment_status":"closed","ping_status":"closed","template":"","meta":[],"product_brand":[],"product_cat":[59],"product_tag":[],"class_list":{"0":"post-3351","1":"product","2":"type-product","3":"status-publish","4":"has-post-thumbnail","6":"product_cat-veeboilerid","7":"description-off","9":"first","10":"instock","11":"sale","12":"shipping-taxable","13":"product-type-external"},"jetpack_sharing_enabled":true,"_links":{"self":[{"href":"https:\/\/sanax.ee\/ru\/wp-json\/wp\/v2\/product\/3351","targetHints":{"allow":["GET"]}}],"collection":[{"href":"https:\/\/sanax.ee\/ru\/wp-json\/wp\/v2\/product"}],"about":[{"href":"https:\/\/sanax.ee\/ru\/wp-json\/wp\/v2\/types\/product"}],"replies":[{"embeddable":true,"href":"https:\/\/sanax.ee\/ru\/wp-json\/wp\/v2\/comments?post=3351"}],"wp:featuredmedia":[{"embeddable":true,"href":"https:\/\/sanax.ee\/ru\/wp-json\/wp\/v2\/media\/3344"}],"wp:attachment":[{"href":"https:\/\/sanax.ee\/ru\/wp-json\/wp\/v2\/media?parent=3351"}],"wp:term":[{"taxonomy":"product_brand","embeddable":true,"href":"https:\/\/sanax.ee\/ru\/wp-json\/wp\/v2\/product_brand?post=3351"},{"taxonomy":"product_cat","embeddable":true,"href":"https:\/\/sanax.ee\/ru\/wp-json\/wp\/v2\/product_cat?post=3351"},{"taxonomy":"product_tag","embeddable":true,"href":"https:\/\/sanax.ee\/ru\/wp-json\/wp\/v2\/product_tag?post=3351"}],"curies":[{"name":"wp","href":"https:\/\/api.w.org\/{rel}","templated":true}]}}