{"id":3347,"date":"2024-09-27T11:01:42","date_gmt":"2024-09-27T08:01:42","guid":{"rendered":"https:\/\/sanax.ee\/?post_type=product&#038;p=3347"},"modified":"2024-09-27T11:46:35","modified_gmt":"2024-09-27T08:46:35","slug":"boiler-atlantic-steatite-genius-100-18kw-95l-wifi","status":"publish","type":"product","link":"https:\/\/sanax.ee\/ru\/product\/boiler-atlantic-steatite-genius-100-18kw-95l-wifi\/","title":{"rendered":"BOILER ATLANTIC STEATITE GENIUS 100 1,8KW 95L WIFI"},"content":{"rendered":"<p>Targalt juhitav soojaveeboiler Atlantic Steatite Genius 100 Wi-Fi, 95L<\/p>\n<p>Atlantic keraamilise k\u00fcttekehaga boilerid kuuluvad hooldusvabade seadmete hulka, kuna nende k\u00fcttekeha on paigutatud spetsiaalsesse h\u00fclsi, mis hoiab \u00e4ra intensiivse katlakivi tekkimise. H\u00fclsi suur pind ei kuumene liialt, v\u00e4hendades vajadust sagedase hoolduse j\u00e4rele. Peale garantiiaja l\u00f5ppu tuleb vaid kontrollida magneesiumanoodi seisukorda ja vajadusel see v\u00e4lja vahetada.<\/p>\n<p>T\u00e4nu k\u00f5rgtihedusega PU-vahust soojusisolatsioonile saavutatakse lisaks m\u00e4rkimisv\u00e4\u00e4rne energias\u00e4\u00e4st. Komplektis on kaitseklapp k\u00fclmale veele, dielektriline vahemuhv kuumale veele ja seinale kinnitamise raam.<\/p>\n<p>Steatite Genius boilerid on varustatud uuendusliku juhtpaneeliga, mis lihtsustab re\u017eiimide valimist ja veetemperatuuri seadistamist. Need energias\u00e4\u00e4stlikud seadmed \u00f5pivad kasutaja harjumusi ja kohandavad veekasutust vastavalt. Kiirelt sooja vee tagab BOOST-funktsioon.<\/p>\n<p>Wi-Fi \u00fchenduvus ja COZYTOUCH rakenduse abil distantsjuhtimine v\u00f5imaldavad j\u00e4lgida energiatarbimist, valmistada sooja vett enne koju j\u00f5udmist ja l\u00fclitada boiler k\u00fclmumiskaitsere\u017eiimile.<\/p>","protected":false},"excerpt":{"rendered":"<p>Veesojendi paigaldus: Vertikaalne seinale kinnitav<\/p>\n<p>V\u00e4ljund: 1800 W<\/p>\n<p>K\u00fctteelemendi t\u00fc\u00fcp: Steatiit<\/p>\n<p>Paagi kaitse: Magneesiumianood<\/p>\n<p>M\u00f5\u00f5dud: 965 x 463 x 445<\/p>\n<p>Netokaal: 25 kg<\/p>","protected":false},"featured_media":3344,"comment_status":"closed","ping_status":"closed","template":"","meta":[],"product_brand":[],"product_cat":[59],"product_tag":[],"class_list":{"0":"post-3347","1":"product","2":"type-product","3":"status-publish","4":"has-post-thumbnail","6":"product_cat-veeboilerid","7":"description-off","9":"first","10":"instock","11":"sale","12":"shipping-taxable","13":"product-type-external"},"jetpack_sharing_enabled":true,"_links":{"self":[{"href":"https:\/\/sanax.ee\/ru\/wp-json\/wp\/v2\/product\/3347","targetHints":{"allow":["GET"]}}],"collection":[{"href":"https:\/\/sanax.ee\/ru\/wp-json\/wp\/v2\/product"}],"about":[{"href":"https:\/\/sanax.ee\/ru\/wp-json\/wp\/v2\/types\/product"}],"replies":[{"embeddable":true,"href":"https:\/\/sanax.ee\/ru\/wp-json\/wp\/v2\/comments?post=3347"}],"wp:featuredmedia":[{"embeddable":true,"href":"https:\/\/sanax.ee\/ru\/wp-json\/wp\/v2\/media\/3344"}],"wp:attachment":[{"href":"https:\/\/sanax.ee\/ru\/wp-json\/wp\/v2\/media?parent=3347"}],"wp:term":[{"taxonomy":"product_brand","embeddable":true,"href":"https:\/\/sanax.ee\/ru\/wp-json\/wp\/v2\/product_brand?post=3347"},{"taxonomy":"product_cat","embeddable":true,"href":"https:\/\/sanax.ee\/ru\/wp-json\/wp\/v2\/product_cat?post=3347"},{"taxonomy":"product_tag","embeddable":true,"href":"https:\/\/sanax.ee\/ru\/wp-json\/wp\/v2\/product_tag?post=3347"}],"curies":[{"name":"wp","href":"https:\/\/api.w.org\/{rel}","templated":true}]}}