{"id":7,"date":"2014-03-18T10:03:13","date_gmt":"2014-03-18T10:03:13","guid":{"rendered":"http:\/\/the7.dream-demo.com\/business\/?page_id=7"},"modified":"2020-03-09T16:24:10","modified_gmt":"2020-03-09T13:24:10","slug":"services","status":"publish","type":"page","link":"https:\/\/sanax.ee\/ru\/services\/","title":{"rendered":"\u0423\u0441\u043b\u0443\u0433\u0438"},"content":{"rendered":"<div data-vc-full-width=\"true\" data-vc-full-width-init=\"false\" data-vc-stretch-content=\"true\" class=\"vc_row wpb_row vc_row-fluid vc_custom_1583760247560 vc_row-no-padding vc_row-o-equal-height vc_row-flex\"><div class=\"wpb_column vc_column_container vc_col-sm-12 vc_col-has-fill\"><div class=\"vc_column-inner vc_custom_1529671385255\"><div class=\"wpb_wrapper\"><div class=\"vc_row wpb_row vc_inner vc_row-fluid vc_custom_1529671037502\"><div class=\"wpb_column vc_column_container vc_col-sm-3\"><div class=\"vc_column-inner vc_custom_1529671526513\"><div class=\"wpb_wrapper\"><style type=\"text\/css\" data-type=\"the7_shortcodes-inline-css\">.shortcode-single-image-wrap.shortcode-single-image-dc9617ee8b7b72bfdcfa7286db9f1417.enable-bg-rollover .rollover i,\n.shortcode-single-image-wrap.shortcode-single-image-dc9617ee8b7b72bfdcfa7286db9f1417.enable-bg-rollover .rollover-video i {\n  background: -webkit-linear-gradient();\n  background: linear-gradient();\n}\n.shortcode-single-image-wrap.shortcode-single-image-dc9617ee8b7b72bfdcfa7286db9f1417 .rollover-icon {\n  font-size: 32px;\n  color: #ffffff;\n  min-width: 44px;\n  min-height: 44px;\n  line-height: 44px;\n  border-radius: 100px;\n  border-style: solid;\n  border-width: 0px;\n}\n.dt-icon-bg-on.shortcode-single-image-wrap.shortcode-single-image-dc9617ee8b7b72bfdcfa7286db9f1417 .rollover-icon {\n  background: rgba(255,255,255,0.3);\n  box-shadow: none;\n}\n<\/style><div class=\"shortcode-single-image-wrap shortcode-single-image-dc9617ee8b7b72bfdcfa7286db9f1417 alignnone  vc_custom_1583759517708 enable-bg-rollover dt-icon-bg-off\" ><div class=\"shortcode-single-image\"><div class=\"fancy-media-wrap\" style=\"\"><a href=\"\/ru\/services\/santehnilised-tood\/\" class=\"layzr-bg rollover\" style=\"\" aria-label=\"Image\"><img fetchpriority=\"high\" decoding=\"async\" class=\"preload-me lazy-load aspect\" src=\"data:image\/svg+xml,%3Csvg%20xmlns%3D&#39;http%3A%2F%2Fwww.w3.org%2F2000%2Fsvg&#39;%20viewBox%3D&#39;0%200%20320%20213&#39;%2F%3E\" data-src=\"https:\/\/sanax.ee\/wp-content\/uploads\/2020\/03\/4658-320x213.png\" data-srcset=\"https:\/\/sanax.ee\/wp-content\/uploads\/2020\/03\/4658-320x213.png 320w\" loading=\"eager\" style=\"--ratio: 320 \/ 213\" sizes=\"(max-width: 320px) 100vw, 320px\" width=\"320\" height=\"213\"  data-dt-location=\"https:\/\/sanax.ee\/ru\/services\/attachment\/4658\/\" alt=\"\" \/><\/a><\/div><\/div><\/div><div id=\"ultimate-heading-105469e2e1b9217e4\" class=\"uvc-heading ult-adjust-bottom-margin ultimate-heading-105469e2e1b9217e4 uvc-9392\" data-hspacer=\"no_spacer\"  data-halign=\"center\" style=\"text-align:center\"><div class=\"uvc-heading-spacer no_spacer\" style=\"top\"><\/div><div class=\"uvc-main-heading ult-responsive\"  data-ultimate-target='.uvc-heading.ultimate-heading-105469e2e1b9217e4 h2'  data-responsive-json-new='{\"font-size\":\"desktop:26px;\",\"line-height\":\"desktop:36px;\"}' ><h2 style=\"--font-weight:theme;margin-bottom:5px;\">\u0421\u0430\u043d\u0442\u0435\u0445\u043d\u0438\u0447\u0435\u0441\u043a\u0438\u0435 \u0440\u0430\u0431\u043e\u0442\u044b<\/h2><\/div><\/div><style type=\"text\/css\" data-type=\"the7_shortcodes-inline-css\">#default-btn-7cb82762023b314ccdb3ba9b7ed75d25.ico-right-side > i {\n  margin-right: 0px;\n  margin-left: 8px;\n}\n#default-btn-7cb82762023b314ccdb3ba9b7ed75d25 > i {\n  margin-right: 8px;\n}\n<\/style><div class=\"btn-align-center\"><a href=\"https:\/\/sanax.ee\/ru\/services\/santehnilised-tood\/\" class=\"default-btn-shortcode dt-btn dt-btn-s link-hover-off\" id=\"default-btn-7cb82762023b314ccdb3ba9b7ed75d25\" title=\"\u0421\u0430\u043d\u0442\u0435\u0445\u043d\u0438\u0447\u0435\u0441\u043a\u0438\u0435 \u0440\u0430\u0431\u043e\u0442\u044b\"><span>VAATA L\u00c4HEMALT<\/span><\/a><\/div><\/div><\/div><\/div><div class=\"wpb_column vc_column_container vc_col-sm-3\"><div class=\"vc_column-inner vc_custom_1529671530735\"><div class=\"wpb_wrapper\"><style type=\"text\/css\" data-type=\"the7_shortcodes-inline-css\">.shortcode-single-image-wrap.shortcode-single-image-7beb6a5e7920c8e6291fbeb257ba69b8.enable-bg-rollover .rollover i,\n.shortcode-single-image-wrap.shortcode-single-image-7beb6a5e7920c8e6291fbeb257ba69b8.enable-bg-rollover .rollover-video i {\n  background: -webkit-linear-gradient();\n  background: linear-gradient();\n}\n.shortcode-single-image-wrap.shortcode-single-image-7beb6a5e7920c8e6291fbeb257ba69b8 .rollover-icon {\n  font-size: 32px;\n  color: #ffffff;\n  min-width: 44px;\n  min-height: 44px;\n  line-height: 44px;\n  border-radius: 100px;\n  border-style: solid;\n  border-width: 0px;\n}\n.dt-icon-bg-on.shortcode-single-image-wrap.shortcode-single-image-7beb6a5e7920c8e6291fbeb257ba69b8 .rollover-icon {\n  background: rgba(255,255,255,0.3);\n  box-shadow: none;\n}\n<\/style><div class=\"shortcode-single-image-wrap shortcode-single-image-7beb6a5e7920c8e6291fbeb257ba69b8 alignnone  vc_custom_1583760059594 enable-bg-rollover dt-icon-bg-off\" ><div class=\"shortcode-single-image\"><div class=\"fancy-media-wrap\" style=\"\"><a href=\"\/ru\/services\/vesi\/\" class=\"layzr-bg rollover\" style=\"\" aria-label=\"Image\"><img decoding=\"async\" class=\"preload-me lazy-load aspect\" src=\"data:image\/svg+xml,%3Csvg%20xmlns%3D&#39;http%3A%2F%2Fwww.w3.org%2F2000%2Fsvg&#39;%20viewBox%3D&#39;0%200%20510%20340&#39;%2F%3E\" data-src=\"https:\/\/sanax.ee\/wp-content\/uploads\/2020\/03\/crystal_exp_hq0-crop-c0-5__0-5-510x510-1-510x340.png\" data-srcset=\"https:\/\/sanax.ee\/wp-content\/uploads\/2020\/03\/crystal_exp_hq0-crop-c0-5__0-5-510x510-1-510x340.png 510w\" loading=\"eager\" style=\"--ratio: 510 \/ 340\" sizes=\"(max-width: 510px) 100vw, 510px\" width=\"510\" height=\"340\"  data-dt-location=\"https:\/\/sanax.ee\/ru\/services\/crystal_exp_hq0-crop-c0-5__0-5-510x510\/\" alt=\"\" \/><\/a><\/div><\/div><\/div><div id=\"ultimate-heading-430369e2e1b921d2d\" class=\"uvc-heading ult-adjust-bottom-margin ultimate-heading-430369e2e1b921d2d uvc-4169\" data-hspacer=\"no_spacer\"  data-halign=\"center\" style=\"text-align:center\"><div class=\"uvc-heading-spacer no_spacer\" style=\"top\"><\/div><div class=\"uvc-main-heading ult-responsive\"  data-ultimate-target='.uvc-heading.ultimate-heading-430369e2e1b921d2d h2'  data-responsive-json-new='{\"font-size\":\"desktop:26px;\",\"line-height\":\"desktop:36px;\"}' ><h2 style=\"--font-weight:theme;margin-bottom:5px;\">\u0412\u043e\u0434\u0430<\/h2><\/div><\/div><style type=\"text\/css\" data-type=\"the7_shortcodes-inline-css\">#default-btn-be30c2cc541fbce046ce72a5e8efb89a.ico-right-side > i {\n  margin-right: 0px;\n  margin-left: 8px;\n}\n#default-btn-be30c2cc541fbce046ce72a5e8efb89a > i {\n  margin-right: 8px;\n}\n<\/style><div class=\"btn-align-center\"><a href=\"https:\/\/sanax.ee\/ru\/services\/vesi\/\" class=\"default-btn-shortcode dt-btn dt-btn-s link-hover-off\" id=\"default-btn-be30c2cc541fbce046ce72a5e8efb89a\" title=\"\u0412\u043e\u0434\u0430\"><span>VAATA L\u00c4HEMALT<\/span><\/a><\/div><\/div><\/div><\/div><div class=\"wpb_column vc_column_container vc_col-sm-3\"><div class=\"vc_column-inner vc_custom_1529671534698\"><div class=\"wpb_wrapper\"><style type=\"text\/css\" data-type=\"the7_shortcodes-inline-css\">.shortcode-single-image-wrap.shortcode-single-image-7f1ca432853da85aee8508e95d82f384.enable-bg-rollover .rollover i,\n.shortcode-single-image-wrap.shortcode-single-image-7f1ca432853da85aee8508e95d82f384.enable-bg-rollover .rollover-video i {\n  background: -webkit-linear-gradient();\n  background: linear-gradient();\n}\n.shortcode-single-image-wrap.shortcode-single-image-7f1ca432853da85aee8508e95d82f384 .rollover-icon {\n  font-size: 32px;\n  color: #ffffff;\n  min-width: 44px;\n  min-height: 44px;\n  line-height: 44px;\n  border-radius: 100px;\n  border-style: solid;\n  border-width: 0px;\n}\n.dt-icon-bg-on.shortcode-single-image-wrap.shortcode-single-image-7f1ca432853da85aee8508e95d82f384 .rollover-icon {\n  background: rgba(255,255,255,0.3);\n  box-shadow: none;\n}\n<\/style><div class=\"shortcode-single-image-wrap shortcode-single-image-7f1ca432853da85aee8508e95d82f384 alignnone  vc_custom_1583759632650 enable-bg-rollover dt-icon-bg-off\" ><div class=\"shortcode-single-image\"><div class=\"fancy-media-wrap\" style=\"\"><a href=\"\/ru\/kanalisatsioon-sadevesi-drenaaz\/\" class=\"layzr-bg rollover\" style=\"\" aria-label=\"Image\"><img decoding=\"async\" class=\"preload-me lazy-load aspect\" src=\"data:image\/svg+xml,%3Csvg%20xmlns%3D&#39;http%3A%2F%2Fwww.w3.org%2F2000%2Fsvg&#39;%20viewBox%3D&#39;0%200%20360%20240&#39;%2F%3E\" data-src=\"https:\/\/sanax.ee\/wp-content\/uploads\/2020\/03\/unnamed-360x240.png\" data-srcset=\"https:\/\/sanax.ee\/wp-content\/uploads\/2020\/03\/unnamed-360x240.png 360w\" loading=\"eager\" style=\"--ratio: 360 \/ 240\" sizes=\"(max-width: 360px) 100vw, 360px\" width=\"360\" height=\"240\"  data-dt-location=\"https:\/\/sanax.ee\/ru\/services\/unnamed\/\" alt=\"\" \/><\/a><\/div><\/div><\/div><div id=\"ultimate-heading-144169e2e1b9220dc\" class=\"uvc-heading ult-adjust-bottom-margin ultimate-heading-144169e2e1b9220dc uvc-3604\" data-hspacer=\"no_spacer\"  data-halign=\"center\" style=\"text-align:center\"><div class=\"uvc-heading-spacer no_spacer\" style=\"top\"><\/div><div class=\"uvc-main-heading ult-responsive\"  data-ultimate-target='.uvc-heading.ultimate-heading-144169e2e1b9220dc h2'  data-responsive-json-new='{\"font-size\":\"desktop:26px;\",\"line-height\":\"desktop:36px;\"}' ><h2 style=\"--font-weight:theme;margin-bottom:5px;\">\u041a\u0430\u043d\u0430\u043b\u0438\u0437\u0430\u0446\u0438\u044f<\/h2><\/div><\/div><style type=\"text\/css\" data-type=\"the7_shortcodes-inline-css\">#default-btn-b3a3c683d19f8c0674739f5445c11113.ico-right-side > i {\n  margin-right: 0px;\n  margin-left: 8px;\n}\n#default-btn-b3a3c683d19f8c0674739f5445c11113 > i {\n  margin-right: 8px;\n}\n<\/style><div class=\"btn-align-center\"><a href=\"https:\/\/sanax.ee\/ru\/services\/kanalisatsioon-sadevesi-drenaaz\/\" class=\"default-btn-shortcode dt-btn dt-btn-s link-hover-off\" id=\"default-btn-b3a3c683d19f8c0674739f5445c11113\" title=\"\u041a\u0430\u043d\u0430\u043b\u0438\u0437\u0430\u0446\u0438\u044f\"><span>VAATA L\u00c4HEMALT<\/span><\/a><\/div><\/div><\/div><\/div><div class=\"wpb_column vc_column_container vc_col-sm-3\"><div class=\"vc_column-inner vc_custom_1529671538803\"><div class=\"wpb_wrapper\"><style type=\"text\/css\" data-type=\"the7_shortcodes-inline-css\">.shortcode-single-image-wrap.shortcode-single-image-69612d971d3a987c70e86cea53f59878.enable-bg-rollover .rollover i,\n.shortcode-single-image-wrap.shortcode-single-image-69612d971d3a987c70e86cea53f59878.enable-bg-rollover .rollover-video i {\n  background: -webkit-linear-gradient();\n  background: linear-gradient();\n}\n.shortcode-single-image-wrap.shortcode-single-image-69612d971d3a987c70e86cea53f59878 .rollover-icon {\n  font-size: 32px;\n  color: #ffffff;\n  min-width: 44px;\n  min-height: 44px;\n  line-height: 44px;\n  border-radius: 100px;\n  border-style: solid;\n  border-width: 0px;\n}\n.dt-icon-bg-on.shortcode-single-image-wrap.shortcode-single-image-69612d971d3a987c70e86cea53f59878 .rollover-icon {\n  background: rgba(255,255,255,0.3);\n  box-shadow: none;\n}\n<\/style><div class=\"shortcode-single-image-wrap shortcode-single-image-69612d971d3a987c70e86cea53f59878 alignnone  vc_custom_1583759750787 enable-bg-rollover dt-icon-bg-off\" ><div class=\"shortcode-single-image\"><div class=\"fancy-media-wrap\" style=\"\"><a href=\"\/ru\/services\/kutte\/\" class=\"layzr-bg rollover\" style=\"\" aria-label=\"Image\"><img decoding=\"async\" class=\"preload-me lazy-load aspect\" src=\"data:image\/svg+xml,%3Csvg%20xmlns%3D&#39;http%3A%2F%2Fwww.w3.org%2F2000%2Fsvg&#39;%20viewBox%3D&#39;0%200%20600%20400&#39;%2F%3E\" data-src=\"https:\/\/sanax.ee\/wp-content\/uploads\/2020\/03\/59ff2a6eb8c3dd0001bd69d5_pet-600x400.png\" data-srcset=\"https:\/\/sanax.ee\/wp-content\/uploads\/2020\/03\/59ff2a6eb8c3dd0001bd69d5_pet-600x400.png 600w, https:\/\/sanax.ee\/wp-content\/uploads\/2020\/03\/59ff2a6eb8c3dd0001bd69d5_pet-1024x682.png 1024w\" loading=\"eager\" style=\"--ratio: 600 \/ 400\" sizes=\"(max-width: 600px) 100vw, 600px\" width=\"600\" height=\"400\"  data-dt-location=\"https:\/\/sanax.ee\/ru\/services\/59ff2a6eb8c3dd0001bd69d5_pet\/\" alt=\"\" \/><\/a><\/div><\/div><\/div><div id=\"ultimate-heading-799269e2e1b92246d\" class=\"uvc-heading ult-adjust-bottom-margin ultimate-heading-799269e2e1b92246d uvc-6583\" data-hspacer=\"no_spacer\"  data-halign=\"center\" style=\"text-align:center\"><div class=\"uvc-heading-spacer no_spacer\" style=\"top\"><\/div><div class=\"uvc-main-heading ult-responsive\"  data-ultimate-target='.uvc-heading.ultimate-heading-799269e2e1b92246d h2'  data-responsive-json-new='{\"font-size\":\"desktop:26px;\",\"line-height\":\"desktop:36px;\"}' ><h2 style=\"--font-weight:theme;margin-bottom:5px;\">\u041e\u0442\u043e\u043f\u043b\u0435\u043d\u0438\u0435<\/h2><\/div><\/div><style type=\"text\/css\" data-type=\"the7_shortcodes-inline-css\">#default-btn-4f6cc66715adca44537dfc868c657e59.ico-right-side > i {\n  margin-right: 0px;\n  margin-left: 8px;\n}\n#default-btn-4f6cc66715adca44537dfc868c657e59 > i {\n  margin-right: 8px;\n}\n<\/style><div class=\"btn-align-center\"><a href=\"https:\/\/sanax.ee\/ru\/services\/kutte\/\" class=\"default-btn-shortcode dt-btn dt-btn-s link-hover-off\" id=\"default-btn-4f6cc66715adca44537dfc868c657e59\" title=\"K\u00fctte\"><span>VAATA L\u00c4HEMALT<\/span><\/a><\/div><\/div><\/div><\/div><\/div><div class=\"vc_row wpb_row vc_inner vc_row-fluid vc_custom_1529671037502\"><div class=\"wpb_column vc_column_container vc_col-sm-3\"><div class=\"vc_column-inner vc_custom_1529671526513\"><div class=\"wpb_wrapper\"><style type=\"text\/css\" data-type=\"the7_shortcodes-inline-css\">.shortcode-single-image-wrap.shortcode-single-image-460717e3d11e09365a0c4613ddd8321e.enable-bg-rollover .rollover i,\n.shortcode-single-image-wrap.shortcode-single-image-460717e3d11e09365a0c4613ddd8321e.enable-bg-rollover .rollover-video i {\n  background: -webkit-linear-gradient();\n  background: linear-gradient();\n}\n.shortcode-single-image-wrap.shortcode-single-image-460717e3d11e09365a0c4613ddd8321e .rollover-icon {\n  font-size: 32px;\n  color: #ffffff;\n  min-width: 44px;\n  min-height: 44px;\n  line-height: 44px;\n  border-radius: 100px;\n  border-style: solid;\n  border-width: 0px;\n}\n.dt-icon-bg-on.shortcode-single-image-wrap.shortcode-single-image-460717e3d11e09365a0c4613ddd8321e .rollover-icon {\n  background: rgba(255,255,255,0.3);\n  box-shadow: none;\n}\n<\/style><div class=\"shortcode-single-image-wrap shortcode-single-image-460717e3d11e09365a0c4613ddd8321e alignnone  vc_custom_1583759786470 enable-bg-rollover dt-icon-bg-off\" ><div class=\"shortcode-single-image\"><div class=\"fancy-media-wrap\" style=\"\"><a href=\"\/ru\/services\/gaasitood\/\" class=\"layzr-bg rollover\" style=\"\" aria-label=\"Image\"><img decoding=\"async\" class=\"preload-me lazy-load aspect\" src=\"data:image\/svg+xml,%3Csvg%20xmlns%3D&#39;http%3A%2F%2Fwww.w3.org%2F2000%2Fsvg&#39;%20viewBox%3D&#39;0%200%20500%20333&#39;%2F%3E\" data-src=\"https:\/\/sanax.ee\/wp-content\/uploads\/2020\/03\/bosch_gaz-7000-1.400x400-500x500-1-500x333.png\" data-srcset=\"https:\/\/sanax.ee\/wp-content\/uploads\/2020\/03\/bosch_gaz-7000-1.400x400-500x500-1-500x333.png 500w\" loading=\"eager\" style=\"--ratio: 500 \/ 333\" sizes=\"(max-width: 500px) 100vw, 500px\" width=\"500\" height=\"333\"  data-dt-location=\"https:\/\/sanax.ee\/ru\/services\/bosch_gaz-7000-1-400x400-500x500\/\" alt=\"\" \/><\/a><\/div><\/div><\/div><div id=\"ultimate-heading-695669e2e1b9228d1\" class=\"uvc-heading ult-adjust-bottom-margin ultimate-heading-695669e2e1b9228d1 uvc-6249\" data-hspacer=\"no_spacer\"  data-halign=\"center\" style=\"text-align:center\"><div class=\"uvc-heading-spacer no_spacer\" style=\"top\"><\/div><div class=\"uvc-main-heading ult-responsive\"  data-ultimate-target='.uvc-heading.ultimate-heading-695669e2e1b9228d1 h2'  data-responsive-json-new='{\"font-size\":\"desktop:26px;\",\"line-height\":\"desktop:36px;\"}' ><h2 style=\"--font-weight:theme;margin-bottom:5px;\">\u0413\u0430\u0437\u043e\u0432\u044b\u0435 \u0440\u0430\u0431\u043e\u0442\u044b<\/h2><\/div><\/div><style type=\"text\/css\" data-type=\"the7_shortcodes-inline-css\">#default-btn-0b879e45bb516dbcc3af24d7f65c893a.ico-right-side > i {\n  margin-right: 0px;\n  margin-left: 8px;\n}\n#default-btn-0b879e45bb516dbcc3af24d7f65c893a > i {\n  margin-right: 8px;\n}\n<\/style><div class=\"btn-align-center\"><a href=\"https:\/\/sanax.ee\/ru\/services\/gaasitood\/\" class=\"default-btn-shortcode dt-btn dt-btn-s link-hover-off\" id=\"default-btn-0b879e45bb516dbcc3af24d7f65c893a\" title=\"\u0412\u0435\u043d\u0442\u0438\u043b\u044f\u0446\u0438\u044f\"><span>VAATA L\u00c4HEMALT<\/span><\/a><\/div><\/div><\/div><\/div><div class=\"wpb_column vc_column_container vc_col-sm-3\"><div class=\"vc_column-inner vc_custom_1529671530735\"><div class=\"wpb_wrapper\"><style type=\"text\/css\" data-type=\"the7_shortcodes-inline-css\">.shortcode-single-image-wrap.shortcode-single-image-d97db9f314f20ab6712f8b52e55126a4.enable-bg-rollover .rollover i,\n.shortcode-single-image-wrap.shortcode-single-image-d97db9f314f20ab6712f8b52e55126a4.enable-bg-rollover .rollover-video i {\n  background: -webkit-linear-gradient();\n  background: linear-gradient();\n}\n.shortcode-single-image-wrap.shortcode-single-image-d97db9f314f20ab6712f8b52e55126a4 .rollover-icon {\n  font-size: 32px;\n  color: #ffffff;\n  min-width: 44px;\n  min-height: 44px;\n  line-height: 44px;\n  border-radius: 100px;\n  border-style: solid;\n  border-width: 0px;\n}\n.dt-icon-bg-on.shortcode-single-image-wrap.shortcode-single-image-d97db9f314f20ab6712f8b52e55126a4 .rollover-icon {\n  background: rgba(255,255,255,0.3);\n  box-shadow: none;\n}\n<\/style><div class=\"shortcode-single-image-wrap shortcode-single-image-d97db9f314f20ab6712f8b52e55126a4 alignnone  vc_custom_1583759823309 enable-bg-rollover dt-icon-bg-off\" ><div class=\"shortcode-single-image\"><div class=\"fancy-media-wrap\" style=\"\"><a href=\"\/ru\/services\/ventilatsioon\/\" class=\"layzr-bg rollover\" style=\"\" aria-label=\"Image\"><img decoding=\"async\" class=\"preload-me lazy-load aspect\" src=\"data:image\/svg+xml,%3Csvg%20xmlns%3D&#39;http%3A%2F%2Fwww.w3.org%2F2000%2Fsvg&#39;%20viewBox%3D&#39;0%200%20350%20233&#39;%2F%3E\" data-src=\"https:\/\/sanax.ee\/wp-content\/uploads\/2020\/03\/unnamed-1-350x233.png\" data-srcset=\"https:\/\/sanax.ee\/wp-content\/uploads\/2020\/03\/unnamed-1-350x233.png 350w\" loading=\"eager\" style=\"--ratio: 350 \/ 233\" sizes=\"(max-width: 350px) 100vw, 350px\" width=\"350\" height=\"233\"  data-dt-location=\"https:\/\/sanax.ee\/ru\/services\/unnamed-1\/\" alt=\"\" \/><\/a><\/div><\/div><\/div><div id=\"ultimate-heading-130569e2e1b922c5b\" class=\"uvc-heading ult-adjust-bottom-margin ultimate-heading-130569e2e1b922c5b uvc-4108\" data-hspacer=\"no_spacer\"  data-halign=\"center\" style=\"text-align:center\"><div class=\"uvc-heading-spacer no_spacer\" style=\"top\"><\/div><div class=\"uvc-main-heading ult-responsive\"  data-ultimate-target='.uvc-heading.ultimate-heading-130569e2e1b922c5b h2'  data-responsive-json-new='{\"font-size\":\"desktop:26px;\",\"line-height\":\"desktop:36px;\"}' ><h2 style=\"--font-weight:theme;margin-bottom:5px;\">\u0412\u0435\u043d\u0442\u0438\u043b\u044f\u0446\u0438\u044f<\/h2><\/div><\/div><style type=\"text\/css\" data-type=\"the7_shortcodes-inline-css\">#default-btn-4ffb689dc7d3007c51059f0aba04200e.ico-right-side > i {\n  margin-right: 0px;\n  margin-left: 8px;\n}\n#default-btn-4ffb689dc7d3007c51059f0aba04200e > i {\n  margin-right: 8px;\n}\n<\/style><div class=\"btn-align-center\"><a href=\"https:\/\/sanax.ee\/ru\/services\/ventilatsioon\/\" class=\"default-btn-shortcode dt-btn dt-btn-s link-hover-off\" id=\"default-btn-4ffb689dc7d3007c51059f0aba04200e\" title=\"\u0412\u0435\u043d\u0442\u0438\u043b\u044f\u0446\u0438\u044f\"><span>VAATA L\u00c4HEMALT<\/span><\/a><\/div><\/div><\/div><\/div><\/div><\/div><\/div><\/div><\/div><div class=\"vc_row-full-width vc_clearfix\"><\/div>","protected":false},"excerpt":{"rendered":"<p>Santehnilised t\u00f6\u00f6dVesiKanalisatsioonK\u00fcteGaasit\u00f6\u00f6dVentilatsioon<\/p>","protected":false},"author":1,"featured_media":0,"parent":0,"menu_order":20,"comment_status":"closed","ping_status":"closed","template":"","meta":{"footnotes":""},"class_list":["post-7","page","type-page","status-publish","hentry","description-off"],"jetpack_sharing_enabled":true,"_links":{"self":[{"href":"https:\/\/sanax.ee\/ru\/wp-json\/wp\/v2\/pages\/7","targetHints":{"allow":["GET"]}}],"collection":[{"href":"https:\/\/sanax.ee\/ru\/wp-json\/wp\/v2\/pages"}],"about":[{"href":"https:\/\/sanax.ee\/ru\/wp-json\/wp\/v2\/types\/page"}],"author":[{"embeddable":true,"href":"https:\/\/sanax.ee\/ru\/wp-json\/wp\/v2\/users\/1"}],"replies":[{"embeddable":true,"href":"https:\/\/sanax.ee\/ru\/wp-json\/wp\/v2\/comments?post=7"}],"version-history":[{"count":14,"href":"https:\/\/sanax.ee\/ru\/wp-json\/wp\/v2\/pages\/7\/revisions"}],"predecessor-version":[{"id":2797,"href":"https:\/\/sanax.ee\/ru\/wp-json\/wp\/v2\/pages\/7\/revisions\/2797"}],"wp:attachment":[{"href":"https:\/\/sanax.ee\/ru\/wp-json\/wp\/v2\/media?parent=7"}],"curies":[{"name":"wp","href":"https:\/\/api.w.org\/{rel}","templated":true}]}}