{"id":5,"date":"2014-03-18T10:02:39","date_gmt":"2014-03-18T10:02:39","guid":{"rendered":"http:\/\/the7.dream-demo.com\/business\/?page_id=5"},"modified":"2024-09-26T21:49:01","modified_gmt":"2024-09-26T18:49:01","slug":"about-company-2","status":"publish","type":"page","link":"https:\/\/sanax.ee\/ru\/about-company-2\/","title":{"rendered":"\u041e \u043d\u0430\u0441"},"content":{"rendered":"<div class=\"vc_row wpb_row vc_row-fluid vc_custom_1583855736033\"><div class=\"wpb_column vc_column_container vc_col-sm-12\"><div class=\"vc_column-inner\"><div class=\"wpb_wrapper\">\n\t<div class=\"wpb_text_column wpb_content_element\" >\n\t\t<div class=\"wpb_wrapper\">\n\t\t\t<p>\u00abSanax O\u00dc\u00bb \u2014 \u044d\u0442\u043e \u044d\u043a\u0441\u043f\u0435\u0440\u0442 \u0432 \u043e\u0431\u043b\u0430\u0441\u0442\u0438 \u043f\u0440\u043e\u0434\u0430\u0436\u0438, \u0443\u0441\u0442\u0430\u043d\u043e\u0432\u043a\u0438 \u0438 \u043e\u0431\u0441\u043b\u0443\u0436\u0438\u0432\u0430\u043d\u0438\u044f \u0438\u043d\u0436\u0435\u043d\u0435\u0440\u043d\u044b\u0445 \u0441\u0438\u0441\u0442\u0435\u043c, \u0442\u0430\u043a\u0438\u0445 \u043a\u0430\u043a \u043e\u0442\u043e\u043f\u043b\u0435\u043d\u0438\u0435, \u0432\u043e\u0434\u043e\u0441\u043d\u0430\u0431\u0436\u0435\u043d\u0438\u0435, \u043a\u0430\u043d\u0430\u043b\u0438\u0437\u0430\u0446\u0438\u044f, \u0432\u0435\u043d\u0442\u0438\u043b\u044f\u0446\u0438\u044f \u0438 \u0433\u0430\u0437\u043e\u0441\u043d\u0430\u0431\u0436\u0435\u043d\u0438\u0435. \u0420\u0430\u0431\u043e\u0442\u0430\u0435\u043c \u043d\u0430 \u0440\u044b\u043d\u043a\u0435 \u042d\u0441\u0442\u043e\u043d\u0438\u0438 \u0441 2015 \u0433\u043e\u0434\u0430. \u041c\u044b \u043f\u0440\u0435\u0434\u043e\u0441\u0442\u0430\u0432\u043b\u044f\u0435\u043c \u043a\u043e\u043c\u043f\u043b\u0435\u043a\u0441\u043d\u044b\u0435 \u0440\u0435\u0448\u0435\u043d\u0438\u044f \u0434\u043b\u044f \u0447\u0430\u0441\u0442\u043d\u044b\u0445 \u0438 \u043a\u043e\u0440\u043f\u043e\u0440\u0430\u0442\u0438\u0432\u043d\u044b\u0445 \u043a\u043b\u0438\u0435\u043d\u0442\u043e\u0432, \u0433\u0430\u0440\u0430\u043d\u0442\u0438\u0440\u0443\u044f \u0432\u044b\u0441\u043e\u043a\u043e\u0435 \u043a\u0430\u0447\u0435\u0441\u0442\u0432\u043e \u0432\u044b\u043f\u043e\u043b\u043d\u0435\u043d\u0438\u044f \u043a\u0430\u0436\u0434\u043e\u0433\u043e \u044d\u0442\u0430\u043f\u0430 \u0440\u0430\u0431\u043e\u0442\u044b \u2014 \u043e\u0442 \u043f\u0440\u043e\u0435\u043a\u0442\u0438\u0440\u043e\u0432\u0430\u043d\u0438\u044f \u0434\u043e \u043c\u043e\u043d\u0442\u0430\u0436\u0430 \u0438 \u0441\u0435\u0440\u0432\u0438\u0441\u043d\u043e\u0433\u043e \u043e\u0431\u0441\u043b\u0443\u0436\u0438\u0432\u0430\u043d\u0438\u044f.<\/p>\n<p>\u041d\u0430\u0448\u0438 \u0441\u043f\u0435\u0446\u0438\u0430\u043b\u0438\u0441\u0442\u044b \u043e\u0431\u043b\u0430\u0434\u0430\u044e\u0442 \u043c\u043d\u043e\u0433\u043e\u043b\u0435\u0442\u043d\u0438\u043c \u043e\u043f\u044b\u0442\u043e\u043c \u0438 \u0432\u044b\u0441\u043e\u043a\u043e\u0439 \u043a\u0432\u0430\u043b\u0438\u0444\u0438\u043a\u0430\u0446\u0438\u0435\u0439, \u0447\u0442\u043e \u043f\u043e\u0437\u0432\u043e\u043b\u044f\u0435\u0442 \u043d\u0430\u043c \u0443\u0432\u0435\u0440\u0435\u043d\u043d\u043e \u0432\u044b\u043f\u043e\u043b\u043d\u044f\u0442\u044c \u0437\u0430\u0434\u0430\u0447\u0438 \u043b\u044e\u0431\u043e\u0439 \u0441\u043b\u043e\u0436\u043d\u043e\u0441\u0442\u0438. \u041c\u044b \u0440\u0430\u0431\u043e\u0442\u0430\u0435\u043c \u0432 \u0441\u0442\u0440\u043e\u0433\u043e\u043c \u0441\u043e\u043e\u0442\u0432\u0435\u0442\u0441\u0442\u0432\u0438\u0438 \u0441 \u043d\u043e\u0440\u043c\u0430\u043c\u0438 \u0438 \u0441\u0442\u0430\u043d\u0434\u0430\u0440\u0442\u0430\u043c\u0438, \u043f\u0440\u0435\u0434\u043e\u0441\u0442\u0430\u0432\u043b\u044f\u044f \u0433\u0430\u0440\u0430\u043d\u0442\u0438\u044e \u043d\u0430 \u0432\u0441\u0435 \u0432\u0438\u0434\u044b \u0440\u0430\u0431\u043e\u0442.<\/p>\n<p>\u041f\u043e\u0447\u0435\u043c\u0443 \u0432\u044b\u0431\u0438\u0440\u0430\u044e\u0442 \u043d\u0430\u0441?<\/p>\n<ul>\n<li>\u041a\u043e\u043d\u043a\u0443\u0440\u0435\u043d\u0442\u043d\u044b\u0435 \u0446\u0435\u043d\u044b.<\/li>\n<li>\u0412\u044b\u0441\u043e\u043a\u043e\u0435 \u043a\u0430\u0447\u0435\u0441\u0442\u0432\u043e \u0440\u0430\u0431\u043e\u0442.<\/li>\n<li>\u0413\u0430\u0440\u0430\u043d\u0442\u0438\u044f \u043d\u0430 \u0440\u0430\u0431\u043e\u0442\u044b \u2014 2 \u0433\u043e\u0434\u0430.<\/li>\n<li>\u0412\u0441\u0435 \u043d\u0435\u043e\u0431\u0445\u043e\u0434\u0438\u043c\u044b\u0435 \u043b\u0438\u0446\u0435\u043d\u0437\u0438\u0438 \u0438 \u0441\u0435\u0440\u0442\u0438\u0444\u0438\u043a\u0430\u0442\u044b.<\/li>\n<\/ul>\n<p>\u041d\u0430\u0448 \u0442\u0435\u0445\u043d\u0438\u0447\u0435\u0441\u043a\u0438\u0439 \u043e\u0442\u0434\u0435\u043b \u043f\u0440\u0435\u0434\u043b\u0430\u0433\u0430\u0435\u0442 \u0433\u0440\u0430\u043c\u043e\u0442\u043d\u044b\u0435 \u0438 \u044d\u0444\u0444\u0435\u043a\u0442\u0438\u0432\u043d\u044b\u0435 \u0440\u0435\u0448\u0435\u043d\u0438\u044f \u0432 \u0441\u0444\u0435\u0440\u0430\u0445:<\/p>\n<ul>\n<li>\u0412\u043e\u0434\u043e\u0441\u043d\u0430\u0431\u0436\u0435\u043d\u0438\u044f;<\/li>\n<li>\u041a\u0430\u043d\u0430\u043b\u0438\u0437\u0430\u0446\u0438\u0438;<\/li>\n<li>\u041e\u0442\u043e\u043f\u043b\u0435\u043d\u0438\u044f;<\/li>\n<li>\u0412\u0435\u043d\u0442\u0438\u043b\u044f\u0446\u0438\u0438;<\/li>\n<li>\u0413\u0430\u0437\u043e\u0441\u043d\u0430\u0431\u0436\u0435\u043d\u0438\u044f.<\/li>\n<\/ul>\n<p>\u041c\u044b \u043f\u043e\u043c\u043e\u0436\u0435\u043c \u043d\u0430 \u0432\u0441\u0435\u0445 \u044d\u0442\u0430\u043f\u0430\u0445: \u043e\u0442 \u043a\u043e\u043d\u0441\u0443\u043b\u044c\u0442\u0430\u0446\u0438\u0439 \u0438 \u043f\u0440\u043e\u0435\u043a\u0442\u0438\u0440\u043e\u0432\u0430\u043d\u0438\u044f \u0434\u043e \u0441\u0442\u0440\u043e\u0438\u0442\u0435\u043b\u044c\u0441\u0442\u0432\u0430 \u0438 \u0440\u0435\u0433\u0443\u043b\u044f\u0440\u043d\u043e\u0433\u043e \u043e\u0431\u0441\u043b\u0443\u0436\u0438\u0432\u0430\u043d\u0438\u044f. \u041d\u0430\u0448\u0430 \u0433\u043b\u0430\u0432\u043d\u0430\u044f \u0446\u0435\u043b\u044c \u2014 \u043f\u0440\u0435\u0434\u043e\u0441\u0442\u0430\u0432\u0438\u0442\u044c \u043a\u043b\u0438\u0435\u043d\u0442\u0430\u043c \u043d\u0430\u0434\u0435\u0436\u043d\u044b\u0435 \u0438 \u0434\u043e\u043b\u0433\u043e\u0441\u0440\u043e\u0447\u043d\u044b\u0435 \u0440\u0435\u0448\u0435\u043d\u0438\u044f.<\/p>\n<p>\u041c\u044b \u0434\u043e\u0440\u043e\u0436\u0438\u043c \u0441\u0432\u043e\u0435\u0439 \u0440\u0435\u043f\u0443\u0442\u0430\u0446\u0438\u0435\u0439 \u0438 \u0432\u0441\u0435\u0433\u0434\u0430 \u0433\u043e\u0442\u043e\u0432\u044b \u043f\u043e\u0434\u0434\u0435\u0440\u0436\u0430\u0442\u044c \u0441\u0432\u043e\u0438\u0445 \u043a\u043b\u0438\u0435\u043d\u0442\u043e\u0432 \u0434\u0430\u0436\u0435 \u0441\u043f\u0443\u0441\u0442\u044f \u0433\u043e\u0434\u044b, \u0432\u044b\u043f\u043e\u043b\u043d\u044f\u044f \u0432\u0441\u0435 \u0433\u0430\u0440\u0430\u043d\u0442\u0438\u0439\u043d\u044b\u0435 \u043e\u0431\u044f\u0437\u0430\u0442\u0435\u043b\u044c\u0441\u0442\u0432\u0430.<\/p>\n\n\t\t<\/div>\n\t<\/div>\n<\/div><\/div><\/div><\/div>","protected":false},"excerpt":{"rendered":"<p>\u00abSanax O\u00dc\u00bb &#8211; on ekspert inseneris\u00fcsteemide, nagu k\u00fcte, veev\u00e4rk, kanalisatsioon, ventilatsioon ja gaasivarustus, m\u00fc\u00fcgi, paigaldamise ja hoolduse valdkonnas. Oleme Eesti turul tegutsenud alates 2015. aastast. Pakume terviklikke lahendusi nii era- kui ka \u00e4riklientidele, tagades k\u00f5rge kvaliteedi igas t\u00f6\u00f6etapis \u2014 alates projekteerimisest kuni paigalduse ja hooldusteenusteni. Meie spetsialistidel on aastatepikkune kogemus ja k\u00f5rge kvalifikatsioon, mis v\u00f5imaldab&hellip;<\/p>","protected":false},"author":1,"featured_media":0,"parent":0,"menu_order":10,"comment_status":"closed","ping_status":"closed","template":"","meta":{"footnotes":""},"class_list":["post-5","page","type-page","status-publish","hentry","description-off"],"jetpack_sharing_enabled":true,"_links":{"self":[{"href":"https:\/\/sanax.ee\/ru\/wp-json\/wp\/v2\/pages\/5","targetHints":{"allow":["GET"]}}],"collection":[{"href":"https:\/\/sanax.ee\/ru\/wp-json\/wp\/v2\/pages"}],"about":[{"href":"https:\/\/sanax.ee\/ru\/wp-json\/wp\/v2\/types\/page"}],"author":[{"embeddable":true,"href":"https:\/\/sanax.ee\/ru\/wp-json\/wp\/v2\/users\/1"}],"replies":[{"embeddable":true,"href":"https:\/\/sanax.ee\/ru\/wp-json\/wp\/v2\/comments?post=5"}],"version-history":[{"count":11,"href":"https:\/\/sanax.ee\/ru\/wp-json\/wp\/v2\/pages\/5\/revisions"}],"predecessor-version":[{"id":3325,"href":"https:\/\/sanax.ee\/ru\/wp-json\/wp\/v2\/pages\/5\/revisions\/3325"}],"wp:attachment":[{"href":"https:\/\/sanax.ee\/ru\/wp-json\/wp\/v2\/media?parent=5"}],"curies":[{"name":"wp","href":"https:\/\/api.w.org\/{rel}","templated":true}]}}