{"id":2965,"date":"2021-09-08T08:30:02","date_gmt":"2021-09-08T05:30:02","guid":{"rendered":"https:\/\/sanax.ee\/?page_id=2965"},"modified":"2025-06-05T15:43:28","modified_gmt":"2025-06-05T12:43:28","slug":"gaasitood","status":"publish","type":"page","link":"https:\/\/sanax.ee\/ru\/gaasitood\/","title":{"rendered":"\u0413\u0430\u0437\u043e\u0432\u044b\u0435 \u0440\u0430\u0431\u043e\u0442\u044b"},"content":{"rendered":"<div class=\"vc_row wpb_row vc_row-fluid\"><div class=\"wpb_column vc_column_container vc_col-sm-12\"><div class=\"vc_column-inner\"><div class=\"wpb_wrapper\">\n\t<div  class=\"wpb_single_image wpb_content_element vc_align_left\">\n\t\t\n\t\t<figure class=\"wpb_wrapper vc_figure\">\n\t\t\t<div class=\"vc_single_image-wrapper vc_box_shadow_3d  vc_box_border_grey\"><img loading=\"lazy\" decoding=\"async\" width=\"700\" height=\"67\" src=\"https:\/\/sanax.ee\/wp-content\/uploads\/2025\/03\/logogugu-removebg-preview.png\" class=\"vc_single_image-img attachment-full\" alt=\"\" srcset=\"https:\/\/sanax.ee\/wp-content\/uploads\/2025\/03\/logogugu-removebg-preview.png 700w, https:\/\/sanax.ee\/wp-content\/uploads\/2025\/03\/logogugu-removebg-preview-600x57.png 600w, https:\/\/sanax.ee\/wp-content\/uploads\/2025\/03\/logogugu-removebg-preview-300x29.png 300w, https:\/\/sanax.ee\/wp-content\/uploads\/2025\/03\/logogugu-removebg-preview-18x2.png 18w\" sizes=\"auto, (max-width: 700px) 100vw, 700px\"  data-dt-location=\"https:\/\/sanax.ee\/ru\/gaasitood\/logogugu-removebg-preview\/\" \/><\/div>\n\t\t<\/figure>\n\t<\/div>\n<\/div><\/div><\/div><\/div><div class=\"vc_row wpb_row vc_row-fluid\"><div class=\"wpb_column vc_column_container vc_col-sm-12\"><div class=\"vc_column-inner\"><div class=\"wpb_wrapper\">\n\t<div class=\"wpb_text_column wpb_content_element\" >\n\t\t<div class=\"wpb_wrapper\">\n\t\t\t<div class=\"flex-shrink-0 flex flex-col relative items-end\">\n<div>\n<div class=\"pt-0\">\n<div class=\"gizmo-bot-avatar flex h-8 w-8 items-center justify-center overflow-hidden rounded-full\">\n<div class=\"relative p-1 rounded-sm flex items-center justify-center bg-token-main-surface-primary text-token-text-primary h-8 w-8\"><\/div>\n<\/div>\n<\/div>\n<\/div>\n<\/div>\n<div class=\"group\/conversation-turn relative flex w-full min-w-0 flex-col agent-turn\">\n<div class=\"flex-col gap-1 md:gap-3\">\n<div class=\"flex max-w-full flex-col flex-grow\">\n<div class=\"min-h-8 text-message flex w-full flex-col items-end gap-2 whitespace-normal break-words &#091;.text-message+&amp;&#093;:mt-5\" dir=\"auto\" data-message-author-role=\"assistant\" data-message-id=\"f952f336-7516-4157-b802-47e4c11d27d6\">\n<div class=\"flex w-full flex-col gap-1 empty:hidden first:pt-&#091;3px&#093;\">\n<div class=\"markdown prose w-full break-words dark:prose-invert light\">\n<p>\u041c\u044b \u043f\u0440\u0435\u0434\u043e\u0441\u0442\u0430\u0432\u043b\u044f\u0435\u043c \u043f\u043e\u043b\u043d\u044b\u0439 \u0441\u043f\u0435\u043a\u0442\u0440 \u0443\u0441\u043b\u0443\u0433 \u043f\u043e \u043c\u043e\u043d\u0442\u0430\u0436\u0443, \u0440\u0435\u043c\u043e\u043d\u0442\u0443 \u0438 \u043e\u0431\u0441\u043b\u0443\u0436\u0438\u0432\u0430\u043d\u0438\u044e \u0433\u0430\u0437\u043e\u0432\u044b\u0445 \u0441\u0438\u0441\u0442\u0435\u043c \u0434\u043b\u044f \u0447\u0430\u0441\u0442\u043d\u044b\u0445 \u0434\u043e\u043c\u043e\u0432, \u043c\u043d\u043e\u0433\u043e\u043a\u0432\u0430\u0440\u0442\u0438\u0440\u043d\u044b\u0445 \u0437\u0434\u0430\u043d\u0438\u0439 \u0438 \u043a\u043e\u043c\u043c\u0435\u0440\u0447\u0435\u0441\u043a\u0438\u0445 \u043e\u0431\u044a\u0435\u043a\u0442\u043e\u0432. \u041d\u0430\u0448\u0430 \u043a\u043e\u043c\u0430\u043d\u0434\u0430 \u043b\u0438\u0446\u0435\u043d\u0437\u0438\u0440\u043e\u0432\u0430\u043d\u043d\u044b\u0445 \u0441\u043f\u0435\u0446\u0438\u0430\u043b\u0438\u0441\u0442\u043e\u0432 \u043e\u0431\u0435\u0441\u043f\u0435\u0447\u0438\u0432\u0430\u0435\u0442 \u0431\u0435\u0437\u043e\u043f\u0430\u0441\u043d\u0443\u044e \u0438 \u043a\u0430\u0447\u0435\u0441\u0442\u0432\u0435\u043d\u043d\u0443\u044e \u0440\u0430\u0431\u043e\u0442\u0443 \u0441 \u0433\u0430\u0437\u043e\u0432\u044b\u043c \u043e\u0431\u043e\u0440\u0443\u0434\u043e\u0432\u0430\u043d\u0438\u0435\u043c, \u0441\u0442\u0440\u043e\u0433\u043e \u0441\u043e\u0431\u043b\u044e\u0434\u0430\u044f \u0432\u0441\u0435 \u043d\u043e\u0440\u043c\u044b \u0438 \u0441\u0442\u0430\u043d\u0434\u0430\u0440\u0442\u044b \u0431\u0435\u0437\u043e\u043f\u0430\u0441\u043d\u043e\u0441\u0442\u0438.<\/p>\n<p>\u041e\u0441\u043d\u043e\u0432\u043d\u044b\u0435 \u0432\u0438\u0434\u044b \u0433\u0430\u0437\u043e\u0432\u044b\u0445 \u0440\u0430\u0431\u043e\u0442:<\/p>\n<ul>\n<li>\u041f\u0440\u043e\u0435\u043a\u0442\u0438\u0440\u043e\u0432\u0430\u043d\u0438\u0435 \u0438 \u0443\u0441\u0442\u0430\u043d\u043e\u0432\u043a\u0430 \u0433\u0430\u0437\u043e\u0432\u044b\u0445 \u0441\u0438\u0441\u0442\u0435\u043c.<\/li>\n<li>\u041e\u0442\u043a\u043b\u044e\u0447\u0435\u043d\u0438\u0435 \u043a\u0432\u0430\u0440\u0442\u0438\u0440 \u043e\u0442 \u0433\u0430\u0437\u0430.<\/li>\n<li>\u041f\u043e\u0434\u043a\u043b\u044e\u0447\u0435\u043d\u0438\u0435 \u0433\u0430\u0437\u043e\u0432\u044b\u0445 \u043a\u043e\u0442\u043b\u043e\u0432, \u043f\u043b\u0438\u0442, \u043a\u043e\u043b\u043e\u043d\u043e\u043a \u0438 \u0434\u0440\u0443\u0433\u043e\u0433\u043e \u043e\u0431\u043e\u0440\u0443\u0434\u043e\u0432\u0430\u043d\u0438\u044f.<\/li>\n<li>\u0414\u0438\u0430\u0433\u043d\u043e\u0441\u0442\u0438\u043a\u0430 \u0438 \u0443\u0441\u0442\u0440\u0430\u043d\u0435\u043d\u0438\u0435 \u0443\u0442\u0435\u0447\u0435\u043a \u0433\u0430\u0437\u0430.<\/li>\n<li>\u0422\u0435\u0445\u043d\u0438\u0447\u0435\u0441\u043a\u043e\u0435 \u043e\u0431\u0441\u043b\u0443\u0436\u0438\u0432\u0430\u043d\u0438\u0435 \u0438 \u043f\u0440\u043e\u0444\u0438\u043b\u0430\u043a\u0442\u0438\u043a\u0430 \u0433\u0430\u0437\u043e\u0432\u044b\u0445 \u0443\u0441\u0442\u0430\u043d\u043e\u0432\u043e\u043a.<\/li>\n<li>\u041c\u043e\u0434\u0435\u0440\u043d\u0438\u0437\u0430\u0446\u0438\u044f \u0438 \u0437\u0430\u043c\u0435\u043d\u0430 \u0443\u0441\u0442\u0430\u0440\u0435\u0432\u0448\u0438\u0445 \u0441\u0438\u0441\u0442\u0435\u043c.<\/li>\n<\/ul>\n<p>\u041f\u043e\u0447\u0435\u043c\u0443 \u0432\u044b\u0431\u0438\u0440\u0430\u044e\u0442 \u043d\u0430\u0441?<\/p>\n<ul>\n<li>\u041b\u0438\u0446\u0435\u043d\u0437\u0438\u0440\u043e\u0432\u0430\u043d\u043d\u044b\u0435 \u0441\u043f\u0435\u0446\u0438\u0430\u043b\u0438\u0441\u0442\u044b \u0441 \u0431\u043e\u043b\u044c\u0448\u0438\u043c \u043e\u043f\u044b\u0442\u043e\u043c.<\/li>\n<li>\u0412\u044b\u0441\u043e\u043a\u0438\u0435 \u0441\u0442\u0430\u043d\u0434\u0430\u0440\u0442\u044b \u0431\u0435\u0437\u043e\u043f\u0430\u0441\u043d\u043e\u0441\u0442\u0438 \u0438 \u043a\u0430\u0447\u0435\u0441\u0442\u0432\u043e \u0440\u0430\u0431\u043e\u0442\u044b.<\/li>\n<li>\u0413\u0430\u0440\u0430\u043d\u0442\u0438\u044f \u043d\u0430 \u0432\u0441\u0435 \u0432\u0438\u0434\u044b \u0440\u0430\u0431\u043e\u0442.<\/li>\n<li>\u0421\u0440\u043e\u0447\u043d\u044b\u0439 \u0432\u044b\u0435\u0437\u0434 \u043d\u0430 \u043e\u0431\u044a\u0435\u043a\u0442 \u0432 \u044d\u043a\u0441\u0442\u0440\u0435\u043d\u043d\u044b\u0445 \u0441\u043b\u0443\u0447\u0430\u044f\u0445.<\/li>\n<\/ul>\n<p>\u041c\u044b \u043f\u0440\u0435\u0434\u043b\u0430\u0433\u0430\u0435\u043c \u043d\u0430\u0434\u0435\u0436\u043d\u044b\u0435 \u0438 \u0434\u043e\u043b\u0433\u043e\u0432\u0435\u0447\u043d\u044b\u0435 \u0440\u0435\u0448\u0435\u043d\u0438\u044f, \u043e\u0431\u0435\u0441\u043f\u0435\u0447\u0438\u0432\u0430\u044f \u0431\u0435\u0441\u043f\u0435\u0440\u0435\u0431\u043e\u0439\u043d\u0443\u044e \u0440\u0430\u0431\u043e\u0442\u0443 \u0433\u0430\u0437\u043e\u0432\u044b\u0445 \u0441\u0438\u0441\u0442\u0435\u043c \u0438 \u043c\u0430\u043a\u0441\u0438\u043c\u0430\u043b\u044c\u043d\u0443\u044e \u0431\u0435\u0437\u043e\u043f\u0430\u0441\u043d\u043e\u0441\u0442\u044c \u0434\u043b\u044f \u0432\u0430\u0448\u0435\u0433\u043e \u0434\u043e\u043c\u0430 \u0438\u043b\u0438 \u0431\u0438\u0437\u043d\u0435\u0441\u0430.<\/p>\n<\/div>\n<\/div>\n<\/div>\n<\/div>\n<\/div>\n<\/div>\n\n\t\t<\/div>\n\t<\/div>\n<\/div><\/div><\/div><\/div><div class=\"vc_row wpb_row vc_row-fluid vc_custom_1747846777644\"><div class=\"wpb_column vc_column_container vc_col-sm-12\"><div class=\"vc_column-inner\"><div class=\"wpb_wrapper\"><div id=\"ultimate-heading-163769e2e32ecfee6\" class=\"uvc-heading ult-adjust-bottom-margin ultimate-heading-163769e2e32ecfee6 uvc-3452  uvc-heading-default-font-sizes\" data-hspacer=\"no_spacer\"  data-halign=\"center\" style=\"text-align:center\"><div class=\"uvc-heading-spacer no_spacer\" style=\"top\"><\/div><div class=\"uvc-main-heading ult-responsive\"  data-ultimate-target='.uvc-heading.ultimate-heading-163769e2e32ecfee6 h2'  data-responsive-json-new='{\"font-size\":\"\",\"line-height\":\"\"}' ><h2 style=\"--font-weight:theme;margin-bottom:15px;\">\u0412\u0438\u0434\u0435\u043e \u043f\u0440\u0435\u0437\u0435\u043d\u0442\u0430\u0446\u0438\u044f<\/h2><\/div><\/div>\n\t<div class=\"wpb_video_widget wpb_content_element vc_clearfix   vc_video-aspect-ratio-169 vc_video-el-width-70 vc_video-align-center\" >\n\t\t<div class=\"wpb_wrapper\">\n\t\t\t\n\t\t\t<div class=\"wpb_video_wrapper\"><iframe loading=\"lazy\" title=\"\u0413\u0430\u0437\u043e\u0432\u044b\u0435 \u0440\u0430\u0431\u043e\u0442\u044b\" width=\"1200\" height=\"675\" src=\"https:\/\/www.youtube.com\/embed\/9QdwUZ8P5vs?feature=oembed\" frameborder=\"0\" allow=\"accelerometer; autoplay; clipboard-write; encrypted-media; gyroscope; picture-in-picture; web-share\" referrerpolicy=\"strict-origin-when-cross-origin\" allowfullscreen><\/iframe><\/div>\n\t\t<\/div>\n\t<\/div>\n<\/div><\/div><\/div><\/div><div class=\"vc_row wpb_row vc_row-fluid\"><div class=\"wpb_column vc_column_container vc_col-sm-12\"><div class=\"vc_column-inner\"><div class=\"wpb_wrapper\"><\/div><\/div><\/div><\/div>","protected":false},"excerpt":{"rendered":"<p>Pakume t\u00e4ielikku teenuste valikut gaasis\u00fcsteemide paigaldamiseks, remondiks ja hoolduseks eramajades, korterelamutes ja \u00e4ripindadel. Meie litsentseeritud spetsialistide meeskond tagab gaasiseadmete ohutu ja kvaliteetse t\u00f6\u00f6, j\u00e4rgides rangelt k\u00f5iki ohutusn\u00f5udeid ja standardeid. Peamised gaasit\u00f6\u00f6de liigid: Gaasis\u00fcsteemide projekteerimine ja paigaldamine. Korterite gaasi sulgemine. Gaasikatelde, pliitide, veesoojendite ja muu varustuse \u00fchendamine. Gaasilekete diagnostika ja k\u00f5rvaldamine. Gaasiseadmete hooldus ja ennetav kontroll.&hellip;<\/p>","protected":false},"author":2,"featured_media":0,"parent":0,"menu_order":0,"comment_status":"closed","ping_status":"closed","template":"","meta":{"footnotes":""},"class_list":["post-2965","page","type-page","status-publish","hentry","description-off"],"jetpack_sharing_enabled":true,"_links":{"self":[{"href":"https:\/\/sanax.ee\/ru\/wp-json\/wp\/v2\/pages\/2965","targetHints":{"allow":["GET"]}}],"collection":[{"href":"https:\/\/sanax.ee\/ru\/wp-json\/wp\/v2\/pages"}],"about":[{"href":"https:\/\/sanax.ee\/ru\/wp-json\/wp\/v2\/types\/page"}],"author":[{"embeddable":true,"href":"https:\/\/sanax.ee\/ru\/wp-json\/wp\/v2\/users\/2"}],"replies":[{"embeddable":true,"href":"https:\/\/sanax.ee\/ru\/wp-json\/wp\/v2\/comments?post=2965"}],"version-history":[{"count":18,"href":"https:\/\/sanax.ee\/ru\/wp-json\/wp\/v2\/pages\/2965\/revisions"}],"predecessor-version":[{"id":3421,"href":"https:\/\/sanax.ee\/ru\/wp-json\/wp\/v2\/pages\/2965\/revisions\/3421"}],"wp:attachment":[{"href":"https:\/\/sanax.ee\/ru\/wp-json\/wp\/v2\/media?parent=2965"}],"curies":[{"name":"wp","href":"https:\/\/api.w.org\/{rel}","templated":true}]}}