{"id":2764,"date":"2020-03-09T15:30:51","date_gmt":"2020-03-09T12:30:51","guid":{"rendered":"https:\/\/sanax.ee\/?page_id=2764"},"modified":"2024-09-26T11:15:24","modified_gmt":"2024-09-26T08:15:24","slug":"privaatsuspoliitika-2","status":"publish","type":"page","link":"https:\/\/sanax.ee\/ru\/privaatsuspoliitika-2\/","title":{"rendered":"PRIVAATSUSPOLIITIKA"},"content":{"rendered":"<div class=\"vc_row wpb_row vc_row-fluid\"><div class=\"wpb_column vc_column_container vc_col-sm-12\"><div class=\"vc_column-inner\"><div class=\"wpb_wrapper\">\n\t<div class=\"wpb_text_column wpb_content_element\" >\n\t\t<div class=\"wpb_wrapper\">\n\t\t\t<h3>\u041f\u043e\u043b\u0438\u0442\u0438\u043a\u0430 \u043a\u043e\u043d\u0444\u0438\u0434\u0435\u043d\u0446\u0438\u0430\u043b\u044c\u043d\u043e\u0441\u0442\u0438<\/h3>\n<p>Ettev\u00f5ttes Sanax O\u00dc p\u00fchendume teie privaatsuse kaitsmisele ja teie isikuandmete turvalisele ja vastutustundlikule k\u00e4sitlemisele. See privaatsuspoliitika kirjeldab, kuidas me kogume, kasutame ja kaitseme teie isikuandmeid, kui k\u00fclastate meie veebisaiti https:\/\/sanax.ee\/\u00a0ja suhtlete meie teenustega.<\/p>\n<h4>1. Kogutud teave<\/h4>\n<p>Kui v\u00f5tate meiega \u00fchendust l\u00e4bi meie veebisaidi, v\u00f5ime koguda j\u00e4rgmisi isikuandmeid:<\/p>\n<ul>\n<li><strong>Nimi<\/strong><\/li>\n<li><strong>Telefoninumber<\/strong><\/li>\n<li><strong>E-posti aadress<\/strong><\/li>\n<li><strong>S\u00f5num<\/strong><\/li>\n<\/ul>\n<h4>2. Kuidas me teie teavet kasutame<\/h4>\n<p>Kogutud isikuandmeid kasutame j\u00e4rgmistel eesm\u00e4rkidel:<\/p>\n<ul>\n<li>Et vastata teie p\u00e4ringutele ja anda teile soovitud teavet.<\/li>\n<li>Et suhelda teiega meie teenuste osas, sealhulgas paigaldus- ja tooteinfoga.<\/li>\n<li>Et parandada meie veebisaiti ja teenuseid kasutajate tagasiside ja suhtluse p\u00f5hjal.<\/li>\n<\/ul>\n<h4>3. Andmete s\u00e4ilitamine<\/h4>\n<p>S\u00e4ilitame teie isikuandmeid nii kaua, kui see on vajalik selle privaatsuspoliitikas toodud eesm\u00e4rkide t\u00e4itmiseks v\u00f5i seadusest tulenevate n\u00f5uete t\u00e4itmiseks.<\/p>\n<h4>4. Andmete turvalisus<\/h4>\n<p>Kaitseme teie isikuandmeid volitamata juurdep\u00e4\u00e4su, kasutamise v\u00f5i avalikustamise eest, rakendades asjakohaseid turvameetmeid. See h\u00f5lmab turvaliste protokollide, nagu HTTPS, kasutamist, et tagada edastatavate andmete konfidentsiaalsus ja terviklikkus.<\/p>\n<h4>5. Teabe jagamine<\/h4>\n<p>Me ei m\u00fc\u00fc, ei vaheta ega edasta teie isikuandmeid kolmandatele isikutele ilma teie n\u00f5usolekuta, v\u00e4lja arvatud seadusest tulenevatel p\u00f5hjustel v\u00f5i meie \u00f5iguste kaitsmiseks.<\/p>\n<h4>6. Teie \u00f5igused<\/h4>\n<p>Teil on \u00f5igus n\u00f5uda juurdep\u00e4\u00e4su teie kohta hoitavatele isikuandmetele, paluda nende parandamist ja taotleda teie isikuandmete kustutamist. Nende \u00f5iguste kasutamiseks v\u00f5tke meiega \u00fchendust allpool esitatud kontaktandmete kaudu.<\/p>\n<h4>7. Muudatused selles privaatsuspoliitikas<\/h4>\n<p>V\u00f5ime seda privaatsuspoliitikat aeg-ajalt uuendada, et peegeldada meie praktikate v\u00f5i kohaldatavate seaduste muutusi. Teavitame teid muudatustest, postitades meie veebisaidile uue privaatsuspoliitika. Soovitame teil perioodiliselt seda poliitikat \u00fcle vaadata, et saada teavet v\u00e4rskenduste kohta.<\/p>\n<h4>8. V\u00f5tke meiega \u00fchendust<\/h4>\n<p>Kui teil on k\u00fcsimusi v\u00f5i muresid selle privaatsuspoliitika v\u00f5i meie andmek\u00e4itluse praktikate kohta, v\u00f5tke meiega \u00fchendust:<\/p>\n<p>Sanax O\u00dc<br \/>\ninfo@sanax.ee<br \/>\n+372 58008097<\/p>\n<p>Ait\u00e4h, et usaldavate Sanax O\u00dc teie isikuandmete kaitsmise. Me hindame teie privaatsust ja oleme p\u00fchendunud selle kaitsmisele.<\/p>\n\n\t\t<\/div>\n\t<\/div>\n<\/div><\/div><\/div><\/div>","protected":false},"excerpt":{"rendered":"<p>Privaatsuspoliitika Ettev\u00f5ttes Sanax O\u00dc p\u00fchendume teie privaatsuse kaitsmisele ja teie isikuandmete turvalisele ja vastutustundlikule k\u00e4sitlemisele. See privaatsuspoliitika kirjeldab, kuidas me kogume, kasutame ja kaitseme teie isikuandmeid, kui k\u00fclastate meie veebisaiti https:\/\/sanax.ee\/\u00a0ja suhtlete meie teenustega. 1. Kogutud teave Kui v\u00f5tate meiega \u00fchendust l\u00e4bi meie veebisaidi, v\u00f5ime koguda j\u00e4rgmisi isikuandmeid: Nimi Telefoninumber E-posti aadress S\u00f5num 2. Kuidas&hellip;<\/p>","protected":false},"author":2,"featured_media":0,"parent":0,"menu_order":0,"comment_status":"closed","ping_status":"closed","template":"","meta":{"footnotes":""},"class_list":["post-2764","page","type-page","status-publish","hentry","description-off"],"jetpack_sharing_enabled":true,"_links":{"self":[{"href":"https:\/\/sanax.ee\/ru\/wp-json\/wp\/v2\/pages\/2764","targetHints":{"allow":["GET"]}}],"collection":[{"href":"https:\/\/sanax.ee\/ru\/wp-json\/wp\/v2\/pages"}],"about":[{"href":"https:\/\/sanax.ee\/ru\/wp-json\/wp\/v2\/types\/page"}],"author":[{"embeddable":true,"href":"https:\/\/sanax.ee\/ru\/wp-json\/wp\/v2\/users\/2"}],"replies":[{"embeddable":true,"href":"https:\/\/sanax.ee\/ru\/wp-json\/wp\/v2\/comments?post=2764"}],"version-history":[{"count":3,"href":"https:\/\/sanax.ee\/ru\/wp-json\/wp\/v2\/pages\/2764\/revisions"}],"predecessor-version":[{"id":3311,"href":"https:\/\/sanax.ee\/ru\/wp-json\/wp\/v2\/pages\/2764\/revisions\/3311"}],"wp:attachment":[{"href":"https:\/\/sanax.ee\/ru\/wp-json\/wp\/v2\/media?parent=2764"}],"curies":[{"name":"wp","href":"https:\/\/api.w.org\/{rel}","templated":true}]}}