{"id":2629,"date":"2020-02-08T22:11:00","date_gmt":"2020-02-08T19:11:00","guid":{"rendered":"https:\/\/sanax.ee\/?page_id=2629"},"modified":"2025-10-28T16:39:34","modified_gmt":"2025-10-28T13:39:34","slug":"hinnakiri-2","status":"publish","type":"page","link":"https:\/\/sanax.ee\/ru\/hinnakiri-2\/","title":{"rendered":"\u0426\u0435\u043d\u044b"},"content":{"rendered":"<div class=\"vc_row wpb_row vc_row-fluid\"><div class=\"wpb_column vc_column_container vc_col-sm-12\"><div class=\"vc_column-inner\"><div class=\"wpb_wrapper\">\n\t<div class=\"wpb_text_column wpb_content_element\" >\n\t\t<div class=\"wpb_wrapper\">\n\t\t\t<p>\u041d\u0438\u0436\u0435 \u0443\u043a\u0430\u0437\u0430\u043d\u044b \u043e\u0440\u0438\u0435\u043d\u0442\u0438\u0440\u043e\u0432\u043e\u0447\u043d\u044b\u0435 \u0446\u0435\u043d\u044b \u043d\u0430 \u043d\u0430\u0448\u0438 \u0443\u0441\u043b\u0443\u0433\u0438.<\/p>\n<p>\u041d\u0435\u043a\u043e\u0442\u043e\u0440\u044b\u0435 \u0432\u0438\u0434\u044b \u0440\u0430\u0431\u043e\u0442 \u043c\u044b \u0432\u044b\u043f\u043e\u043b\u043d\u044f\u0435\u043c \u0442\u043e\u043b\u044c\u043a\u043e \u043d\u0430 \u043e\u0441\u043d\u043e\u0432\u0430\u043d\u0438\u0438 \u0438\u043d\u0434\u0438\u0432\u0438\u0434\u0443\u0430\u043b\u044c\u043d\u044b\u0445 \u0446\u0435\u043d\u043e\u0432\u044b\u0445 \u043f\u0440\u0435\u0434\u043b\u043e\u0436\u0435\u043d\u0438\u0439.<\/p>\n<p>\u0415\u0441\u043b\u0438 \u043d\u0443\u0436\u043d\u043e\u0439 \u0412\u0430\u043c \u0443\u0441\u043b\u0443\u0433\u0438 \u043d\u0435\u0442 \u0432 \u0441\u043f\u0438\u0441\u043a\u0435 \u2014 \u0432\u0441\u0451 \u0440\u0430\u0432\u043d\u043e \u0441\u0432\u044f\u0436\u0438\u0442\u0435\u0441\u044c \u0441 \u043d\u0430\u043c\u0438.\n\u041c\u044b \u0432\u044b\u043f\u043e\u043b\u043d\u044f\u0435\u043c \u043f\u0440\u0430\u043a\u0442\u0438\u0447\u0435\u0441\u043a\u0438 \u0432\u0441\u0435 \u0432\u0438\u0434\u044b \u0440\u0430\u0431\u043e\u0442, \u0441\u0432\u044f\u0437\u0430\u043d\u043d\u044b\u0435 \u0441 \u0432\u043e\u0434\u043e\u0441\u043d\u0430\u0431\u0436\u0435\u043d\u0438\u0435\u043c, \u0433\u0430\u0437\u043e\u043c, \u043e\u0442\u043e\u043f\u043b\u0435\u043d\u0438\u0435\u043c \u0438 \u0432\u0435\u043d\u0442\u0438\u043b\u044f\u0446\u0438\u0435\u0439.<\/p>\n<p>\u0421\u0432\u044f\u0436\u0438\u0442\u0435\u0441\u044c \u0441 \u043d\u0430\u043c\u0438 \u0438 \u0441\u043f\u0440\u043e\u0441\u0438\u0442\u0435 \u0446\u0435\u043d\u043e\u0432\u043e\u0435 \u043f\u0440\u0435\u0434\u043b\u043e\u0436\u0435\u043d\u0438\u0435!<\/p>\n<p>&nbsp;<\/p>\n<table id=\"customers\">\n<tbody>\n<tr>\n<th>\u0423\u0441\u043b\u0443\u0433\u0438<\/th>\n<th>\u0426\u0435\u043d\u0430<\/th>\n<\/tr>\n<tr>\n<td>\u041f\u0440\u043e\u0432\u0435\u0440\u043a\u0430 \u043d\u0430 \u0443\u0442\u0435\u0447\u043a\u0438 \u0433\u0430\u0437\u0430<\/td>\n<td>50.00 \u20ac<\/td>\n<\/tr>\n<tr>\n<td>\u0423\u0441\u0442\u0430\u043d\u043e\u0432\u043a\u0430 \u0433\u0430\u0437\u043e\u0432\u043e\u0439 \u043f\u043b\u0438\u0442\u044b<\/td>\n<td>50.00 \u20ac<\/td>\n<\/tr>\n<tr>\n<td>\u0420\u0435\u043c\u043e\u043d\u0442 \u0442\u0435\u0445\u043d\u0438\u0447\u0435\u0441\u043a\u0438\u0445 \u0441\u0438\u0441\u0442\u0435\u043c<\/td>\n<td>40.00 \u20ac<\/td>\n<\/tr>\n<tr>\n<td>\u041f\u0440\u043e\u043c\u044b\u0432\u043a\u0430 \u0441\u0438\u0441\u0442\u0435\u043c \u043e\u0442\u043e\u043f\u043b\u0435\u043d\u0438\u044f<\/td>\n<td>40.00 \u20ac<\/td>\n<\/tr>\n<tr>\n<td>\u0421\u0430\u043d\u0442\u0435\u0445\u043d\u0438\u0447\u0435\u0441\u043a\u0438\u0435 \u0440\u0430\u0431\u043e\u0442\u044b<\/td>\n<td>35.00 \u20ac<\/td>\n<\/tr>\n<tr>\n<td>\u041f\u0440\u043e\u043c\u044b\u0432\u043a\u0430 \u0442\u0435\u043f\u043b\u043e\u043e\u0431\u043c\u0435\u043d\u043d\u0438\u043a\u043e\u0432<\/td>\n<td>45.00 \u20ac<\/td>\n<\/tr>\n<tr>\n<td>\u0417\u0430\u043c\u0435\u043d\u0430 \u0442\u0435\u043f\u043b\u043e\u043e\u0431\u043c\u0435\u043d\u043d\u0438\u043a\u043e\u0432<\/td>\n<td>50.00 \u20ac<\/td>\n<\/tr>\n<tr>\n<td>\u0421\u0432\u0430\u0440\u043e\u0447\u043d\u044b\u0435 \u0440\u0430\u0431\u043e\u0442\u044b<\/td>\n<td>50.00 \u20ac<\/td>\n<\/tr>\n<tr>\n<td>\u0413\u0430\u0437\u043e\u0432\u044b\u0435 \u0440\u0430\u0431\u043e\u0442\u044b<\/td>\n<td>40.00 \u20ac<\/td>\n<\/tr>\n<tr>\n<td>\u0412\u0435\u043d\u0442\u0438\u043b\u044f\u0446\u0438\u043e\u043d\u043d\u044b\u0435 \u0440\u0430\u0431\u043e\u0442\u044b<\/td>\n<td>30.00 \u20ac<\/td>\n<\/tr>\n<\/tbody>\n<\/table>\n\n\t\t<\/div>\n\t<\/div>\n<\/div><\/div><\/div><\/div>","protected":false},"excerpt":{"rendered":"<p>Allpool on toodud orienteeruvad hinnad meie teenustele. M\u00f5ned t\u00f6\u00f6d s\u00f5ltuvad konkreetsetest tingimustest ja neid saame hinnata ainult hinnapakkumise alusel. Kui Teie soovitud teenust kirjas ei ole \u2013 v\u00f5tke siiski meiega \u00fchendust. Me teostame peaaegu k\u00f5iki veevarustuse, gaasi, k\u00fctte ja ventilatsiooniga seotud t\u00f6id. V\u00f5tke \u00fchendust ja k\u00fcsige personaalset pakkumist! &nbsp; Teenused Hind Gaasilekke kontrollimine 50.00 \u20ac&hellip;<\/p>","protected":false},"author":1,"featured_media":0,"parent":0,"menu_order":0,"comment_status":"closed","ping_status":"closed","template":"","meta":{"footnotes":""},"class_list":["post-2629","page","type-page","status-publish","hentry","description-off"],"jetpack_sharing_enabled":true,"_links":{"self":[{"href":"https:\/\/sanax.ee\/ru\/wp-json\/wp\/v2\/pages\/2629","targetHints":{"allow":["GET"]}}],"collection":[{"href":"https:\/\/sanax.ee\/ru\/wp-json\/wp\/v2\/pages"}],"about":[{"href":"https:\/\/sanax.ee\/ru\/wp-json\/wp\/v2\/types\/page"}],"author":[{"embeddable":true,"href":"https:\/\/sanax.ee\/ru\/wp-json\/wp\/v2\/users\/1"}],"replies":[{"embeddable":true,"href":"https:\/\/sanax.ee\/ru\/wp-json\/wp\/v2\/comments?post=2629"}],"version-history":[{"count":18,"href":"https:\/\/sanax.ee\/ru\/wp-json\/wp\/v2\/pages\/2629\/revisions"}],"predecessor-version":[{"id":3426,"href":"https:\/\/sanax.ee\/ru\/wp-json\/wp\/v2\/pages\/2629\/revisions\/3426"}],"wp:attachment":[{"href":"https:\/\/sanax.ee\/ru\/wp-json\/wp\/v2\/media?parent=2629"}],"curies":[{"name":"wp","href":"https:\/\/api.w.org\/{rel}","templated":true}]}}