{"id":2618,"date":"2020-02-08T21:59:52","date_gmt":"2020-02-08T18:59:52","guid":{"rendered":"https:\/\/sanax.ee\/?page_id=2618"},"modified":"2024-09-26T22:25:00","modified_gmt":"2024-09-26T19:25:00","slug":"vesi","status":"publish","type":"page","link":"https:\/\/sanax.ee\/ru\/services\/vesi\/","title":{"rendered":"\u0412\u043e\u0434\u0430"},"content":{"rendered":"<div class=\"vc_row wpb_row vc_row-fluid\"><div class=\"wpb_column vc_column_container vc_col-sm-12\"><div class=\"vc_column-inner\"><div class=\"wpb_wrapper\">\n\t<div class=\"wpb_text_column wpb_content_element\" >\n\t\t<div class=\"wpb_wrapper\">\n\t\t\t<p>\u041c\u044b \u043f\u0440\u0435\u0434\u043b\u0430\u0433\u0430\u0435\u043c \u043f\u043e\u043b\u043d\u044b\u0439 \u0441\u043f\u0435\u043a\u0442\u0440 \u0441\u0430\u043d\u0442\u0435\u0445\u043d\u0438\u0447\u0435\u0441\u043a\u0438\u0445 \u0440\u0430\u0431\u043e\u0442 \u2014 \u043e\u0442 \u0443\u0441\u0442\u0430\u043d\u043e\u0432\u043a\u0438 \u0438 \u0440\u0435\u043c\u043e\u043d\u0442\u0430 \u0432\u043e\u0434\u043e\u043f\u0440\u043e\u0432\u043e\u0434\u043d\u044b\u0445 \u0441\u0438\u0441\u0442\u0435\u043c \u0434\u043e \u043e\u0431\u0441\u043b\u0443\u0436\u0438\u0432\u0430\u043d\u0438\u044f \u043a\u0430\u043d\u0430\u043b\u0438\u0437\u0430\u0446\u0438\u043e\u043d\u043d\u044b\u0445 \u0438 \u043e\u0442\u043e\u043f\u0438\u0442\u0435\u043b\u044c\u043d\u044b\u0445 \u0441\u0438\u0441\u0442\u0435\u043c. \u041d\u0430\u0448\u0430 \u043a\u043e\u043c\u0430\u043d\u0434\u0430 \u043e\u043f\u044b\u0442\u043d\u044b\u0445 \u043c\u0430\u0441\u0442\u0435\u0440\u043e\u0432 \u0432\u044b\u043f\u043e\u043b\u043d\u044f\u0435\u0442 \u0440\u0430\u0431\u043e\u0442\u044b \u043b\u044e\u0431\u043e\u0439 \u0441\u043b\u043e\u0436\u043d\u043e\u0441\u0442\u0438, \u0433\u0430\u0440\u0430\u043d\u0442\u0438\u0440\u0443\u044f \u0432\u044b\u0441\u043e\u043a\u043e\u0435 \u043a\u0430\u0447\u0435\u0441\u0442\u0432\u043e \u0438 \u043d\u0430\u0434\u0435\u0436\u043d\u043e\u0441\u0442\u044c.<\/p>\n<p>\u041e\u0441\u043d\u043e\u0432\u043d\u044b\u0435 \u0432\u0438\u0434\u044b \u0441\u0430\u043d\u0442\u0435\u0445\u043d\u0438\u0447\u0435\u0441\u043a\u0438\u0445 \u0443\u0441\u043b\u0443\u0433:<\/p>\n<ul>\n<li>\u0423\u0441\u0442\u0430\u043d\u043e\u0432\u043a\u0430 \u0438 \u0437\u0430\u043c\u0435\u043d\u0430 \u0432\u043e\u0434\u043e\u043f\u0440\u043e\u0432\u043e\u0434\u043e\u0432.<\/li>\n<li>\u041c\u043e\u043d\u0442\u0430\u0436 \u0438 \u0440\u0435\u043c\u043e\u043d\u0442 \u0441\u0438\u0441\u0442\u0435\u043c \u043a\u0430\u043d\u0430\u043b\u0438\u0437\u0430\u0446\u0438\u0438.<\/li>\n<li>\u0423\u0441\u0442\u0430\u043d\u043e\u0432\u043a\u0430 \u0438 \u043e\u0431\u0441\u043b\u0443\u0436\u0438\u0432\u0430\u043d\u0438\u0435 \u043e\u0442\u043e\u043f\u0438\u0442\u0435\u043b\u044c\u043d\u044b\u0445 \u0441\u0438\u0441\u0442\u0435\u043c.<\/li>\n<li>\u0417\u0430\u043c\u0435\u043d\u0430 \u0438 \u0440\u0435\u043c\u043e\u043d\u0442 \u0441\u0430\u043d\u0442\u0435\u0445\u043d\u0438\u0447\u0435\u0441\u043a\u043e\u0433\u043e \u043e\u0431\u043e\u0440\u0443\u0434\u043e\u0432\u0430\u043d\u0438\u044f (\u043a\u0440\u0430\u043d\u044b, \u0441\u043c\u0435\u0441\u0438\u0442\u0435\u043b\u0438, \u0443\u043d\u0438\u0442\u0430\u0437\u044b \u0438 \u0442.\u0434.).<\/li>\n<li>\u0423\u0441\u0442\u0440\u0430\u043d\u0435\u043d\u0438\u0435 \u043f\u0440\u043e\u0442\u0435\u0447\u0435\u043a, \u0437\u0430\u0441\u043e\u0440\u043e\u0432 \u0438 \u0434\u0440\u0443\u0433\u0438\u0445 \u043d\u0435\u0438\u0441\u043f\u0440\u0430\u0432\u043d\u043e\u0441\u0442\u0435\u0439.<\/li>\n<\/ul>\n<p>\u041f\u043e\u0447\u0435\u043c\u0443 \u0432\u044b\u0431\u0438\u0440\u0430\u044e\u0442 \u043d\u0430\u0441?<\/p>\n<ul>\n<li>\u041a\u0432\u0430\u043b\u0438\u0444\u0438\u0446\u0438\u0440\u043e\u0432\u0430\u043d\u043d\u044b\u0435 \u0441\u043f\u0435\u0446\u0438\u0430\u043b\u0438\u0441\u0442\u044b.<\/li>\n<li>\u0411\u044b\u0441\u0442\u0440\u043e\u0435 \u0438 \u043a\u0430\u0447\u0435\u0441\u0442\u0432\u0435\u043d\u043d\u043e\u0435 \u0432\u044b\u043f\u043e\u043b\u043d\u0435\u043d\u0438\u0435 \u0440\u0430\u0431\u043e\u0442.<\/li>\n<li>\u0418\u0441\u043f\u043e\u043b\u044c\u0437\u043e\u0432\u0430\u043d\u0438\u0435 \u0441\u0435\u0440\u0442\u0438\u0444\u0438\u0446\u0438\u0440\u043e\u0432\u0430\u043d\u043d\u044b\u0445 \u043c\u0430\u0442\u0435\u0440\u0438\u0430\u043b\u043e\u0432 \u0438 \u043e\u0431\u043e\u0440\u0443\u0434\u043e\u0432\u0430\u043d\u0438\u044f.<\/li>\n<li>\u0413\u0430\u0440\u0430\u043d\u0442\u0438\u044f \u043d\u0430 \u0432\u0441\u0435 \u0432\u0438\u0434\u044b \u0440\u0430\u0431\u043e\u0442.<\/li>\n<\/ul>\n<p>\u041c\u044b \u0440\u0430\u0431\u043e\u0442\u0430\u0435\u043c \u043a\u0430\u043a \u0441 \u0447\u0430\u0441\u0442\u043d\u044b\u043c\u0438, \u0442\u0430\u043a \u0438 \u0441 \u043a\u043e\u043c\u043c\u0435\u0440\u0447\u0435\u0441\u043a\u0438\u043c\u0438 \u043e\u0431\u044a\u0435\u043a\u0442\u0430\u043c\u0438, \u043f\u0440\u0435\u0434\u043e\u0441\u0442\u0430\u0432\u043b\u044f\u044f \u043f\u0435\u0440\u0441\u043e\u043d\u0430\u043b\u0438\u0437\u0438\u0440\u043e\u0432\u0430\u043d\u043d\u044b\u0435 \u0440\u0435\u0448\u0435\u043d\u0438\u044f \u0434\u043b\u044f \u043a\u0430\u0436\u0434\u043e\u0433\u043e \u043a\u043b\u0438\u0435\u043d\u0442\u0430.<\/p>\n\n\t\t<\/div>\n\t<\/div>\n<\/div><\/div><\/div><\/div>","protected":false},"excerpt":{"rendered":"<p>Pakume t\u00e4ielikku sanitaartehniliste t\u00f6\u00f6de valikut \u2014 alates veevarustuss\u00fcsteemide paigaldamisest ja remondist kuni kanalisatsiooni ja k\u00fcttes\u00fcsteemide hoolduseni. Meie kogenud meistrite meeskond teostab erineva keerukusega t\u00f6id, tagades k\u00f5rge kvaliteedi ja t\u00f6\u00f6kindluse. Peamised sanitaartehnilised teenused: Veevarustuss\u00fcsteemide paigaldamine ja vahetamine. Kanalisatsioonis\u00fcsteemide paigaldus ja remont. K\u00fcttes\u00fcsteemide paigaldamine ja hooldus. Sanitaartehniliste seadmete (kraanid, segistid, WC-potid jne) vahetamine ja paigaldamine. Lekete, ummistuste&hellip;<\/p>","protected":false},"author":1,"featured_media":0,"parent":7,"menu_order":0,"comment_status":"closed","ping_status":"closed","template":"","meta":{"footnotes":""},"class_list":["post-2618","page","type-page","status-publish","hentry","description-off"],"jetpack_sharing_enabled":true,"_links":{"self":[{"href":"https:\/\/sanax.ee\/ru\/wp-json\/wp\/v2\/pages\/2618","targetHints":{"allow":["GET"]}}],"collection":[{"href":"https:\/\/sanax.ee\/ru\/wp-json\/wp\/v2\/pages"}],"about":[{"href":"https:\/\/sanax.ee\/ru\/wp-json\/wp\/v2\/types\/page"}],"author":[{"embeddable":true,"href":"https:\/\/sanax.ee\/ru\/wp-json\/wp\/v2\/users\/1"}],"replies":[{"embeddable":true,"href":"https:\/\/sanax.ee\/ru\/wp-json\/wp\/v2\/comments?post=2618"}],"version-history":[{"count":2,"href":"https:\/\/sanax.ee\/ru\/wp-json\/wp\/v2\/pages\/2618\/revisions"}],"predecessor-version":[{"id":3330,"href":"https:\/\/sanax.ee\/ru\/wp-json\/wp\/v2\/pages\/2618\/revisions\/3330"}],"up":[{"embeddable":true,"href":"https:\/\/sanax.ee\/ru\/wp-json\/wp\/v2\/pages\/7"}],"wp:attachment":[{"href":"https:\/\/sanax.ee\/ru\/wp-json\/wp\/v2\/media?parent=2618"}],"curies":[{"name":"wp","href":"https:\/\/api.w.org\/{rel}","templated":true}]}}