{"id":2592,"date":"2020-02-05T01:12:39","date_gmt":"2020-02-04T22:12:39","guid":{"rendered":"https:\/\/sanax.ee\/?page_id=2592"},"modified":"2020-02-09T22:04:08","modified_gmt":"2020-02-09T19:04:08","slug":"gaasitood","status":"publish","type":"page","link":"https:\/\/sanax.ee\/ru\/services\/gaasitood\/","title":{"rendered":"\u0413\u0430\u0437\u043e\u0432\u044b\u0435 \u0440\u0430\u0431\u043e\u0442\u044b"},"content":{"rendered":"<div class=\"vc_row wpb_row vc_row-fluid\"><div class=\"wpb_column vc_column_container vc_col-sm-12\"><div class=\"vc_column-inner\"><div class=\"wpb_wrapper\">\n\t<div class=\"wpb_text_column wpb_content_element\" >\n\t\t<div class=\"wpb_wrapper\">\n\t\t\t<ul class=\"a\">\n<li>\u041f\u0440\u043e\u0435\u043a\u0442\u0438\u0440\u043e\u0432\u0430\u043d\u0438\u0435<\/li>\n<li>\u0421\u0442\u0440\u043e\u0438\u0442\u0435\u043b\u044c\u0441\u0442\u0432\u043e<\/li>\n<li>\u041e\u0431\u0441\u043b\u0443\u0436\u0438\u0432\u0430\u043d\u0438\u0435<\/li>\n<li>\u0420\u0435\u043c\u043e\u043d\u0442<\/li>\n<li>\u041c\u043e\u043d\u0442\u0430\u0436 \u0443\u0441\u0442\u0440\u043e\u0439\u0441\u0442\u0432<\/li>\n<li>\u0423\u0441\u0442\u0440\u0430\u043d\u0435\u043d\u0438\u0435 \u043d\u0435\u0434\u043e\u0441\u0442\u0430\u0442\u043a\u043e\u0432, \u0432\u044b\u044f\u0432\u043b\u0435\u043d\u043d\u044b\u0445 \u0432 \u0445\u043e\u0434\u0435 \u043f\u0440\u043e\u0432\u0435\u0440\u043a\u0438<\/li>\n<li>\u041e\u0440\u0433\u0430\u043d\u0438\u0437\u0430\u0446\u0438\u044f \u043f\u0440\u0435\u043a\u0440\u0430\u0449\u0435\u043d\u0438\u044f \u0438\u0441\u043f\u043e\u043b\u044c\u0437\u043e\u0432\u0430\u043d\u0438\u044f \u0433\u0430\u0437\u0430<\/li>\n<\/ul>\n\n\t\t<\/div>\n\t<\/div>\n<\/div><\/div><\/div><\/div>","protected":false},"excerpt":{"rendered":"<p>Projekteerimine Ehitamine Hooldamine Remont Seadmete paigaldamine\/vahetamine Auditi k\u00e4igus tuvastatud puuduste k\u00f5rvaldamine Gaasi kasutamise l\u00f5ppetamise korrastamine<\/p>","protected":false},"author":1,"featured_media":0,"parent":7,"menu_order":0,"comment_status":"closed","ping_status":"closed","template":"","meta":{"footnotes":""},"class_list":["post-2592","page","type-page","status-publish","hentry","description-off"],"jetpack_sharing_enabled":true,"_links":{"self":[{"href":"https:\/\/sanax.ee\/ru\/wp-json\/wp\/v2\/pages\/2592","targetHints":{"allow":["GET"]}}],"collection":[{"href":"https:\/\/sanax.ee\/ru\/wp-json\/wp\/v2\/pages"}],"about":[{"href":"https:\/\/sanax.ee\/ru\/wp-json\/wp\/v2\/types\/page"}],"author":[{"embeddable":true,"href":"https:\/\/sanax.ee\/ru\/wp-json\/wp\/v2\/users\/1"}],"replies":[{"embeddable":true,"href":"https:\/\/sanax.ee\/ru\/wp-json\/wp\/v2\/comments?post=2592"}],"version-history":[{"count":12,"href":"https:\/\/sanax.ee\/ru\/wp-json\/wp\/v2\/pages\/2592\/revisions"}],"predecessor-version":[{"id":2596,"href":"https:\/\/sanax.ee\/ru\/wp-json\/wp\/v2\/pages\/2592\/revisions\/2596"}],"up":[{"embeddable":true,"href":"https:\/\/sanax.ee\/ru\/wp-json\/wp\/v2\/pages\/7"}],"wp:attachment":[{"href":"https:\/\/sanax.ee\/ru\/wp-json\/wp\/v2\/media?parent=2592"}],"curies":[{"name":"wp","href":"https:\/\/api.w.org\/{rel}","templated":true}]}}