{"id":11,"date":"2014-03-18T10:04:12","date_gmt":"2014-03-18T10:04:12","guid":{"rendered":"http:\/\/the7.dream-demo.com\/business\/?page_id=11"},"modified":"2025-11-23T12:52:14","modified_gmt":"2025-11-23T09:52:14","slug":"contact-2","status":"publish","type":"page","link":"https:\/\/sanax.ee\/ru\/contact-2\/","title":{"rendered":"\u041a\u043e\u043d\u0442\u0430\u043a\u0442\u044b"},"content":{"rendered":"<div class=\"vc_row wpb_row vc_row-fluid vc_custom_1529696052056\"><div class=\"wpb_column vc_column_container vc_col-sm-12 vc_col-lg-6 vc_col-md-5 vc_col-xs-12\"><div class=\"vc_column-inner vc_custom_1529941386437\"><div class=\"wpb_wrapper\"><div id=\"ultimate-heading-879569e2e2205edbd\" class=\"uvc-heading ult-adjust-bottom-margin ultimate-heading-879569e2e2205edbd uvc-7629 accent-border-color\" data-hspacer=\"line_only\"  data-halign=\"left\" style=\"text-align:left\"><div class=\"uvc-main-heading ult-responsive\"  data-ultimate-target='.uvc-heading.ultimate-heading-879569e2e2205edbd h2'  data-responsive-json-new='{\"font-size\":\"desktop:26px;\",\"line-height\":\"desktop:36px;\"}' ><h2 style=\"--font-weight:theme;margin-bottom:10px;\">V\u00d5TKE MEIEGA \u00dcHENDUST!<\/h2><\/div><div class=\"uvc-heading-spacer line_only\" style=\"margin-bottom:30px;height:3px;\"><span class=\"uvc-headings-line\" style=\"border-style:solid;border-bottom-width:3px;border-color:#ccc;width:80px;\"><\/span><\/div><div class=\"uvc-sub-heading ult-responsive\"  data-ultimate-target='.uvc-heading.ultimate-heading-879569e2e2205edbd .uvc-sub-heading '  data-responsive-json-new='{\"font-size\":\"\",\"line-height\":\"desktop:28px;\"}'  style=\"font-weight:normal;margin-bottom:40px;\">PALUN KIRJUTAGE S\u00d5NUMIS TEIE AADRESS.<\/div><\/div><form class=\"dt-contact-form dt-form\" method=\"post\"><input type=\"hidden\" name=\"widget_id\" value=\"presscore-contact-form-widget--1\" \/><input type=\"hidden\" name=\"send_message\" value=\"\" \/><input type=\"hidden\" name=\"security_token\" value=\"b5fd57c49178fc63f620\"\/><div class=\"form-fields\"><span class=\"form-name\"><label class=\"assistive-text\">\u0418\u043c\u044f *<\/label><input type=\"text\" class=\"validate[required]\" placeholder=\"\u0418\u043c\u044f *\" name=\"name\" value=\"\" aria-required=\"true\">\n<\/span><span class=\"form-mail\"><label class=\"assistive-text\">\u0412\u0430\u0448\u0430 \u043f\u043e\u0447\u0442\u0430 *<\/label><input type=\"text\" class=\"validate[required,custom[email]]\" placeholder=\"\u0412\u0430\u0448\u0430 \u043f\u043e\u0447\u0442\u0430 *\" name=\"email\" value=\"\" aria-required=\"true\">\n<\/span><span class=\"form-telephone\"><label class=\"assistive-text\">\u0422\u0435\u043b\u0435\u0444\u043e\u043d<\/label><input type=\"text\" placeholder=\"\u0422\u0435\u043b\u0435\u0444\u043e\u043d\" name=\"telephone\" value=\"\" aria-required=\"false\">\n<\/span><span class=\"form-company\"><label class=\"assistive-text\">\u041a\u043e\u043c\u043f\u0430\u043d\u0438\u044f<\/label><input type=\"text\" placeholder=\"\u041a\u043e\u043c\u043f\u0430\u043d\u0438\u044f\" name=\"company\" value=\"\" aria-required=\"false\">\n<\/span><\/div><span class=\"form-message\"><label class=\"assistive-text\">\u0421\u043e\u043e\u0431\u0449\u0435\u043d\u0438\u0435 *<\/label><textarea class=\"validate[required]\" placeholder=\"\u0421\u043e\u043e\u0431\u0449\u0435\u043d\u0438\u0435 *\" name=\"message\" rows=\"7\" aria-required=\"true\"><\/textarea>\n<\/span><p><a href=\"#\" class=\"dt-btn dt-btn-m dt-btn-submit\" rel=\"nofollow\"><span>Saada s\u00f5num<\/span><\/a><input class=\"assistive-text\" type=\"submit\" value=\"\u043e\u0442\u043f\u0440\u0430\u0432\u0438\u0442\u044c\"><\/p><\/form>\n<\/div><\/div><\/div><div class=\"wpb_column vc_column_container vc_col-sm-12 vc_col-lg-6 vc_col-md-7 vc_col-xs-12\"><div class=\"vc_column-inner vc_custom_1529941383124\"><div class=\"wpb_wrapper\"><div id=\"ultimate-heading-670869e2e2205f0ae\" class=\"uvc-heading ult-adjust-bottom-margin ultimate-heading-670869e2e2205f0ae uvc-7778 accent-border-color\" data-hspacer=\"line_only\"  data-halign=\"left\" style=\"text-align:left\"><div class=\"uvc-main-heading ult-responsive\"  data-ultimate-target='.uvc-heading.ultimate-heading-670869e2e2205f0ae h2'  data-responsive-json-new='{\"font-size\":\"desktop:26px;\",\"line-height\":\"desktop:36px;\"}' ><h2 style=\"--font-weight:theme;margin-bottom:10px;\">Kontaktid<\/h2><\/div><div class=\"uvc-heading-spacer line_only\" style=\"margin-bottom:40px;height:3px;\"><span class=\"uvc-headings-line\" style=\"border-style:solid;border-bottom-width:3px;border-color:#ccc;width:80px;\"><\/span><\/div><\/div>\n\t<div class=\"wpb_text_column wpb_content_element  vc_custom_1763891530682\" >\n\t\t<div class=\"wpb_wrapper\">\n\t\t\t<p style=\"text-align: center;\"><span style=\"color: #e73935;\"><strong>Sanax O\u00dc<\/strong><br \/>\n<\/span>Reg. nr. 14083426<\/p>\n<p style=\"text-align: center;\">KMKR: EE102922426<br \/>\nSwedbank: EE372200221064644744<\/p>\n\n\t\t<\/div>\n\t<\/div>\n\n\t<div class=\"wpb_text_column wpb_content_element  vc_custom_1646920745422\" >\n\t\t<div class=\"wpb_wrapper\">\n\t\t\t<p style=\"text-align: center;\"><span style=\"color: #e73935;\"><strong>Tel:<\/strong><br \/>\n<\/span>+372 58-008-097<\/p>\n\n\t\t<\/div>\n\t<\/div>\n\n\t<div class=\"wpb_text_column wpb_content_element  vc_custom_1583950321657\" >\n\t\t<div class=\"wpb_wrapper\">\n\t\t\t<p style=\"text-align: center;\"><span style=\"color: #e73935;\"><strong>E-post:<\/strong><br \/>\n<\/span>info@sanax.ee<\/p>\n\n\t\t<\/div>\n\t<\/div>\n<\/div><\/div><\/div><\/div>\n","protected":false},"excerpt":{"rendered":"<p>V\u00d5TKE MEIEGA \u00dcHENDUST!PALUN KIRJUTAGE S\u00d5NUMIS TEIE AADRESS.Kontaktid Sanax O\u00dc Reg. nr. 14083426 KMKR: EE102922426 Swedbank: EE372200221064644744 Tel: +372 58-008-097 E-post: info@sanax.ee<\/p>","protected":false},"author":1,"featured_media":0,"parent":0,"menu_order":60,"comment_status":"closed","ping_status":"closed","template":"","meta":{"footnotes":""},"class_list":["post-11","page","type-page","status-publish","hentry","description-off"],"jetpack_sharing_enabled":true,"_links":{"self":[{"href":"https:\/\/sanax.ee\/ru\/wp-json\/wp\/v2\/pages\/11","targetHints":{"allow":["GET"]}}],"collection":[{"href":"https:\/\/sanax.ee\/ru\/wp-json\/wp\/v2\/pages"}],"about":[{"href":"https:\/\/sanax.ee\/ru\/wp-json\/wp\/v2\/types\/page"}],"author":[{"embeddable":true,"href":"https:\/\/sanax.ee\/ru\/wp-json\/wp\/v2\/users\/1"}],"replies":[{"embeddable":true,"href":"https:\/\/sanax.ee\/ru\/wp-json\/wp\/v2\/comments?post=11"}],"version-history":[{"count":22,"href":"https:\/\/sanax.ee\/ru\/wp-json\/wp\/v2\/pages\/11\/revisions"}],"predecessor-version":[{"id":3439,"href":"https:\/\/sanax.ee\/ru\/wp-json\/wp\/v2\/pages\/11\/revisions\/3439"}],"wp:attachment":[{"href":"https:\/\/sanax.ee\/ru\/wp-json\/wp\/v2\/media?parent=11"}],"curies":[{"name":"wp","href":"https:\/\/api.w.org\/{rel}","templated":true}]}}